{"id":487,"date":"2025-12-10T10:54:18","date_gmt":"2025-12-10T10:54:18","guid":{"rendered":"https:\/\/www.maisha-pamoja.de\/?page_id=487"},"modified":"2025-12-10T10:54:18","modified_gmt":"2025-12-10T10:54:18","slug":"projekt-kagongwa-tansania","status":"publish","type":"page","link":"https:\/\/www.maisha-pamoja.de\/?page_id=487","title":{"rendered":"Projekt Kagongwa Tansania"},"content":{"rendered":"\n<p><br \/>Das Bauprojekt der St. Francis de Sales English Medium Primary School in Kagongwa (Di\u00f6zese Kahama, Tansania) wird von den Missionaren des heiligen Franz von Sales gef\u00fchrt. Die St. Francis de Sales Primary School w\u00e4chst rasant \u2013 527 Kinder besuchen sie bereits. Die bestehende Infrastruktur reicht jedoch nicht aus. Aufgrund stark gestiegener Sch\u00fclerzahlen sind die Klassenr\u00e4ume \u00fcberf\u00fcllt, insbesondere in den unteren Klassenstufen, was die Lernqualit\u00e4t deutlich beeintr\u00e4chtigt. Deshalb unterst\u00fctzt Maisha Pamoja e.V. die Schule finanziell, um den Bau eines Anbaus mit zwei weiteren Klassenr\u00e4umen umsetzen zu k\u00f6nnen. \u200b<\/p>\n\n\n\n<p>Die Schule richtet sich vor allem an Kinder aus einkommensschwachen Familien im l\u00e4ndlich gepr\u00e4gten Kahama District mit rund 44.000 Einwohnern, deren Lebensunterhalt \u00fcberwiegend auf selbstversorgender Landwirtschaft und kleinem Bergbau beruht.<\/p>\n\n\n\n<figure class=\"wp-block-image size-large\"><a href=\"https:\/\/www.maisha-pamoja.de\/wp-content\/uploads\/2025\/12\/Foto-03.12.25-13-07-26-1-1-1.jpg\"><img loading=\"lazy\" decoding=\"async\" width=\"1024\" height=\"473\" src=\"https:\/\/www.maisha-pamoja.de\/wp-content\/uploads\/2025\/12\/Foto-03.12.25-13-07-26-1-1-1-1024x473.jpg\" alt=\"\" class=\"wp-image-491\" srcset=\"https:\/\/www.maisha-pamoja.de\/wp-content\/uploads\/2025\/12\/Foto-03.12.25-13-07-26-1-1-1-1024x473.jpg 1024w, https:\/\/www.maisha-pamoja.de\/wp-content\/uploads\/2025\/12\/Foto-03.12.25-13-07-26-1-1-1-300x139.jpg 300w, https:\/\/www.maisha-pamoja.de\/wp-content\/uploads\/2025\/12\/Foto-03.12.25-13-07-26-1-1-1-768x355.jpg 768w, https:\/\/www.maisha-pamoja.de\/wp-content\/uploads\/2025\/12\/Foto-03.12.25-13-07-26-1-1-1-500x231.jpg 500w, https:\/\/www.maisha-pamoja.de\/wp-content\/uploads\/2025\/12\/Foto-03.12.25-13-07-26-1-1-1.jpg 1280w\" sizes=\"auto, (max-width: 1024px) 100vw, 1024px\" \/><\/a><\/figure>\n\n\n\n<p>Die Klassen sind derzeit mit bis zu 85 Lernenden pro Raum weit \u00fcber dem empfohlenen Standard des Bildungsministeriums belegt. Das wirkt sich negativ auf Konzentration der Sch\u00fclerinnen und Sch\u00fcler, die Wirksamkeit des Unterrichts und die Lernergebnisse aus, besonders bei den Kleinsten in Kindergarten und Unterstufe. Mit dem Bau von zwei zus\u00e4tzlichen Klassenr\u00e4umen soll die \u00dcberbelegung reduziert, die Unterrichtsqualit\u00e4t verbessert und der nationale Standard des Sch\u00fcler-Klassenraum-Verh\u00e4ltnisses eingehalten werden.\u200b<\/p>\n\n\n\n<p>Die Schulgemeinschaft und Eltern wollen Eigenleistungen wie Arbeitskraft und Sicherheitsdienste einbringen, w\u00e4hrend der laufende Unterhalt der neuen R\u00e4ume aus dem bestehenden Schulbudget und mit Unterst\u00fctzung der lokalen Beh\u00f6rden gesichert werden soll. <\/p>\n\n\n\n<figure class=\"wp-block-image size-large\"><a href=\"https:\/\/www.maisha-pamoja.de\/wp-content\/uploads\/2025\/12\/Foto-03.12.25-13-07-26-scaled.jpg\"><img loading=\"lazy\" decoding=\"async\" width=\"1024\" height=\"473\" src=\"https:\/\/www.maisha-pamoja.de\/wp-content\/uploads\/2025\/12\/Foto-03.12.25-13-07-26-1024x473.jpg\" alt=\"\" class=\"wp-image-490\" srcset=\"https:\/\/www.maisha-pamoja.de\/wp-content\/uploads\/2025\/12\/Foto-03.12.25-13-07-26-1024x473.jpg 1024w, https:\/\/www.maisha-pamoja.de\/wp-content\/uploads\/2025\/12\/Foto-03.12.25-13-07-26-300x139.jpg 300w, https:\/\/www.maisha-pamoja.de\/wp-content\/uploads\/2025\/12\/Foto-03.12.25-13-07-26-768x355.jpg 768w, https:\/\/www.maisha-pamoja.de\/wp-content\/uploads\/2025\/12\/Foto-03.12.25-13-07-26-1536x710.jpg 1536w, https:\/\/www.maisha-pamoja.de\/wp-content\/uploads\/2025\/12\/Foto-03.12.25-13-07-26-2048x946.jpg 2048w, https:\/\/www.maisha-pamoja.de\/wp-content\/uploads\/2025\/12\/Foto-03.12.25-13-07-26-500x231.jpg 500w\" sizes=\"auto, (max-width: 1024px) 100vw, 1024px\" \/><\/a><\/figure>\n","protected":false},"excerpt":{"rendered":"<p>Das Bauprojekt der St. Francis de Sales English Medium Primary School in Kagongwa (Di\u00f6zese Kahama, Tansania) wird von den Missionaren des heiligen Franz von Sales gef\u00fchrt. Die St. Francis de Sales Primary School w\u00e4chst rasant \u2013 527 Kinder besuchen sie &hellip; <a href=\"https:\/\/www.maisha-pamoja.de\/?page_id=487\">Weiterlesen <span class=\"meta-nav\">&rarr;<\/span><\/a><\/p>\n","protected":false},"author":1,"featured_media":0,"parent":0,"menu_order":0,"comment_status":"closed","ping_status":"closed","template":"","meta":{"footnotes":""},"class_list":["post-487","page","type-page","status-publish","hentry"],"_links":{"self":[{"href":"https:\/\/www.maisha-pamoja.de\/index.php?rest_route=\/wp\/v2\/pages\/487","targetHints":{"allow":["GET"]}}],"collection":[{"href":"https:\/\/www.maisha-pamoja.de\/index.php?rest_route=\/wp\/v2\/pages"}],"about":[{"href":"https:\/\/www.maisha-pamoja.de\/index.php?rest_route=\/wp\/v2\/types\/page"}],"author":[{"embeddable":true,"href":"https:\/\/www.maisha-pamoja.de\/index.php?rest_route=\/wp\/v2\/users\/1"}],"replies":[{"embeddable":true,"href":"https:\/\/www.maisha-pamoja.de\/index.php?rest_route=%2Fwp%2Fv2%2Fcomments&post=487"}],"version-history":[{"count":1,"href":"https:\/\/www.maisha-pamoja.de\/index.php?rest_route=\/wp\/v2\/pages\/487\/revisions"}],"predecessor-version":[{"id":493,"href":"https:\/\/www.maisha-pamoja.de\/index.php?rest_route=\/wp\/v2\/pages\/487\/revisions\/493"}],"wp:attachment":[{"href":"https:\/\/www.maisha-pamoja.de\/index.php?rest_route=%2Fwp%2Fv2%2Fmedia&parent=487"}],"curies":[{"name":"wp","href":"https:\/\/api.w.org\/{rel}","templated":true}]}}