{"id":472,"date":"2025-12-10T10:35:48","date_gmt":"2025-12-10T10:35:48","guid":{"rendered":"https:\/\/www.maisha-pamoja.de\/?page_id=472"},"modified":"2025-12-10T11:00:57","modified_gmt":"2025-12-10T11:00:57","slug":"buwooya-uganda","status":"publish","type":"page","link":"https:\/\/www.maisha-pamoja.de\/?page_id=472","title":{"rendered":"Projekt Buwooya Uganda"},"content":{"rendered":"\n<p><br \/>In Buwooya entsteht eine neue Grundschule, die Waisen und benachteiligten Kindern Zugang zu hochwertiger Bildung und wichtigen Lebenskompetenzen bieten soll. Nach der Er\u00f6ffnung des Kindergartens im September wird derzeit das Fundament der dreist\u00f6ckigen Grundschule f\u00fcr rund 1.000 Kinder gelegt. <br \/>Buwooya k\u00e4mpft mit Armut und fehlender Infrastruktur. Die Menschen leben vor allem von Fischerei im Viktoriasee.\u00a0 Die Schule soll langfristig zu wirtschaftlicher Selbstst\u00e4ndigkeit beitragen und besonders M\u00e4dchen st\u00e4rken.\u00a0<\/p>\n\n\n\n<figure class=\"wp-block-image size-large\"><a href=\"https:\/\/www.maisha-pamoja.de\/wp-content\/uploads\/2025\/12\/Foto-02.12.25-09-16-50-2.jpg\"><img loading=\"lazy\" decoding=\"async\" width=\"1024\" height=\"464\" src=\"https:\/\/www.maisha-pamoja.de\/wp-content\/uploads\/2025\/12\/Foto-02.12.25-09-16-50-2-1024x464.jpg\" alt=\"\" class=\"wp-image-498\" srcset=\"https:\/\/www.maisha-pamoja.de\/wp-content\/uploads\/2025\/12\/Foto-02.12.25-09-16-50-2-1024x464.jpg 1024w, https:\/\/www.maisha-pamoja.de\/wp-content\/uploads\/2025\/12\/Foto-02.12.25-09-16-50-2-300x136.jpg 300w, https:\/\/www.maisha-pamoja.de\/wp-content\/uploads\/2025\/12\/Foto-02.12.25-09-16-50-2-768x348.jpg 768w, https:\/\/www.maisha-pamoja.de\/wp-content\/uploads\/2025\/12\/Foto-02.12.25-09-16-50-2-1536x696.jpg 1536w, https:\/\/www.maisha-pamoja.de\/wp-content\/uploads\/2025\/12\/Foto-02.12.25-09-16-50-2-2048x928.jpg 2048w, https:\/\/www.maisha-pamoja.de\/wp-content\/uploads\/2025\/12\/Foto-02.12.25-09-16-50-2-500x227.jpg 500w\" sizes=\"auto, (max-width: 1024px) 100vw, 1024px\" \/><\/a><\/figure>\n\n\n\n<h2 class=\"wp-block-heading\" id=\"monitoring-und-schluss\">Das Projekt zielt auf nachhaltige Entwicklung ab, erg\u00e4nzt den Kindergarten und schafft Vorbildwirkung.\u200b<\/h2>\n\n\n\n<p>Das Projekt schafft eine neue Grundschule in Buwooya, die Kindern aus einer Bauern- und Fischergemeinde hochwertigen und ganzheitlichen Unterricht erm\u00f6glicht, damit sie ihr volles Potenzial entfalten k\u00f6nnen. Im Fokus stehen der Ausbau von Infrastruktur wie Klassenr\u00e4umen, Sanit\u00e4ranlagen, Spielplatz, Bibliothek und Computerraum, ein praxisnaher Lehrplan mit landwirtschaftsrelevanten Kompetenzen sowie au\u00dferschulische Angebote zu Kultur und Umwelt. Durch gezielte Aufkl\u00e4rungsarbeit und die aktive Einbindung der Gemeinde wird der Wert von Bildung gest\u00e4rkt und die wirtschaftliche Zukunft der Familien unterst\u00fctzt.<\/p>\n\n\n\n<figure class=\"wp-block-image size-large\"><a href=\"https:\/\/www.maisha-pamoja.de\/wp-content\/uploads\/2025\/12\/Foto-02.12.25-09-16-50-8.jpg\"><img loading=\"lazy\" decoding=\"async\" width=\"1024\" height=\"464\" src=\"https:\/\/www.maisha-pamoja.de\/wp-content\/uploads\/2025\/12\/Foto-02.12.25-09-16-50-8-1024x464.jpg\" alt=\"\" class=\"wp-image-475\" srcset=\"https:\/\/www.maisha-pamoja.de\/wp-content\/uploads\/2025\/12\/Foto-02.12.25-09-16-50-8-1024x464.jpg 1024w, https:\/\/www.maisha-pamoja.de\/wp-content\/uploads\/2025\/12\/Foto-02.12.25-09-16-50-8-300x136.jpg 300w, https:\/\/www.maisha-pamoja.de\/wp-content\/uploads\/2025\/12\/Foto-02.12.25-09-16-50-8-768x348.jpg 768w, https:\/\/www.maisha-pamoja.de\/wp-content\/uploads\/2025\/12\/Foto-02.12.25-09-16-50-8-1536x696.jpg 1536w, https:\/\/www.maisha-pamoja.de\/wp-content\/uploads\/2025\/12\/Foto-02.12.25-09-16-50-8-2048x928.jpg 2048w, https:\/\/www.maisha-pamoja.de\/wp-content\/uploads\/2025\/12\/Foto-02.12.25-09-16-50-8-500x227.jpg 500w\" sizes=\"auto, (max-width: 1024px) 100vw, 1024px\" \/><\/a><\/figure>\n\n\n\n<p><\/p>\n","protected":false},"excerpt":{"rendered":"<p>In Buwooya entsteht eine neue Grundschule, die Waisen und benachteiligten Kindern Zugang zu hochwertiger Bildung und wichtigen Lebenskompetenzen bieten soll. Nach der Er\u00f6ffnung des Kindergartens im September wird derzeit das Fundament der dreist\u00f6ckigen Grundschule f\u00fcr rund 1.000 Kinder gelegt. Buwooya &hellip; <a href=\"https:\/\/www.maisha-pamoja.de\/?page_id=472\">Weiterlesen <span class=\"meta-nav\">&rarr;<\/span><\/a><\/p>\n","protected":false},"author":1,"featured_media":0,"parent":0,"menu_order":0,"comment_status":"closed","ping_status":"closed","template":"","meta":{"footnotes":""},"class_list":["post-472","page","type-page","status-publish","hentry"],"_links":{"self":[{"href":"https:\/\/www.maisha-pamoja.de\/index.php?rest_route=\/wp\/v2\/pages\/472","targetHints":{"allow":["GET"]}}],"collection":[{"href":"https:\/\/www.maisha-pamoja.de\/index.php?rest_route=\/wp\/v2\/pages"}],"about":[{"href":"https:\/\/www.maisha-pamoja.de\/index.php?rest_route=\/wp\/v2\/types\/page"}],"author":[{"embeddable":true,"href":"https:\/\/www.maisha-pamoja.de\/index.php?rest_route=\/wp\/v2\/users\/1"}],"replies":[{"embeddable":true,"href":"https:\/\/www.maisha-pamoja.de\/index.php?rest_route=%2Fwp%2Fv2%2Fcomments&post=472"}],"version-history":[{"count":6,"href":"https:\/\/www.maisha-pamoja.de\/index.php?rest_route=\/wp\/v2\/pages\/472\/revisions"}],"predecessor-version":[{"id":499,"href":"https:\/\/www.maisha-pamoja.de\/index.php?rest_route=\/wp\/v2\/pages\/472\/revisions\/499"}],"wp:attachment":[{"href":"https:\/\/www.maisha-pamoja.de\/index.php?rest_route=%2Fwp%2Fv2%2Fmedia&parent=472"}],"curies":[{"name":"wp","href":"https:\/\/api.w.org\/{rel}","templated":true}]}}