{"id":40,"date":"2015-01-27T19:53:11","date_gmt":"2015-01-27T19:53:11","guid":{"rendered":"http:\/\/wordpress.maisha-pamoja.de\/?page_id=40"},"modified":"2025-12-10T10:07:29","modified_gmt":"2025-12-10T10:07:29","slug":"was-koennen-sie-tun","status":"publish","type":"page","link":"https:\/\/www.maisha-pamoja.de\/?page_id=40","title":{"rendered":"Was k\u00f6nnen Sie tun?"},"content":{"rendered":"<h3 style=\"text-align: justify;\"><span style=\"color: #ff9900;\">SPENDEN<\/span><\/h3>\n<p style=\"text-align: justify;\">Durch Ihre Spende* \u2013 egal in welcher H\u00f6he \u2013 tragen Sie einen gro\u00dfen Teil zur Unterst\u00fctzung der Projekte in Ostafrika bei.<\/p>\n<p class=\"western\" style=\"text-align: justify;\">So konnte Maisha Pamoja e.V. im vergangenen Jahr die Projekte in Ostafrika wieder durch zahlreiche Spenden kr\u00e4ftig unterst\u00fctzen: F\u00fcr das neue Kinderheim in Tabora finanzierten wir M\u00f6bel, K\u00fcchenausstattung, Matratzen, Moskitonetze und andere wichtige Utensilien, in Chera halfen wir bei der Finanzierung der neuen Sanit\u00e4ranlagen. Und wie in jedem Jahr halfen wir auch wieder der Schule in Rusinga finanziell beim weiteren Ausbau.<\/p>\n<h4 style=\"text-align: justify;\">Bankverbindung:<\/h4>\n<p class=\"p1\"><strong>Maisha Pamoja \u2013 together for children in Africa e.V.<\/strong><br \/>\n<strong>Konto-Nr.: 463 375 07<\/strong><br \/>\n<strong>Sparkasse Mainfranken<\/strong><br \/>\n<strong>BLZ: 790 500 00<\/strong><\/p>\n<p>BIC: BYLADEM1SWU<br \/>\nIBAN: DE28790500000046337507<\/p>\n<p style=\"text-align: justify;\">Bei Fragen: info[at]maisha-pamoja.de<\/p>\n<h3 style=\"text-align: justify;\">*Wenn Sie den Maisha Pamoja e.V. mit Zuwendungen bis zu 200,00 \u20ac pro Kalenderjahr unterst\u00fctzen, ben\u00f6tigen Sie keine gesonderte Zuwendungsbest\u00e4tigung, um die Spende im Rahmen Ihrer Einkommensteuererkl\u00e4rung geltend zu machen. Es ist ausreichend, wenn Sie Ihrer Steuererkl\u00e4rung diesen <a href=\"https:\/\/www.maisha-pamoja.de\/wp-content\/uploads\/2015\/08\/Vereinfachter-Zuwendungsnachweis-\u00a750-Abs.-2-Nr.-2b-EStDV.pdf\" target=\"_blank\" rel=\"noopener\">vereinfachten Zuwendungsnachweis<\/a> zusammen mit einem Bareinzahlungsbeleg oder einer Buchungsbest\u00e4tigung der Bank beif\u00fcgen (z.B. Kontoauszug). Daraus m\u00fcssen Name und Kontonummer oder ein sonstiges Identifizierungsmerkmal von Ihnen und von uns, der Betrag, der Buchungstag sowie die tats\u00e4chliche Durchf\u00fchrung der Zahlung ersichtlich sein. Der Verwendungszweck sollte die Angabe \u201eSpende\u201c oder \u201eMitgliedsbeitrag\u201c enthalten.<\/h3>\n<div class=\"page\" title=\"Page 1\">\n<div class=\"layoutArea\">\n<div class=\"column\">\n<h3>F\u00fcr Zuwendungen \u00fcber 200,00 \u20ac pro Kalenderjahr ist als Nachweis eine vom Verein ausgestellte Zuwendungsbest\u00e4tigung nach amtlich vorgeschriebenem Vordruck erforderlich, die wir Ihnen bei Bedarf gerne ausstellen. Bitte teilen Sie uns dazu Ihre Adresse mit.<\/h3>\n<\/div>\n<\/div>\n<\/div>\n<h3 style=\"text-align: justify;\"><span style=\"color: #ff9900;\">MITGLIEDSCHAFT<\/span><\/h3>\n<p style=\"text-align: justify;\">Sie k\u00f6nnen sich auch langfristig an unserem Engagement beteiligen, indem Sie Mitglied werden.<\/p>\n<p style=\"text-align: justify;\">Wir freuen uns \u00fcber neue Mitglieder, die unseren Verein durch ihre Kreativit\u00e4t, ihre Tatkraft und ihren Teamgeist bereichern m\u00f6chten!<\/p>\n<p style=\"text-align: justify;\"><span style=\"color: #ff9900;\"><a style=\"color: #ff9900;\" href=\"http:\/\/wordpress.maisha-pamoja.de\/wp-content\/uploads\/2015\/01\/beitrittserklaerung_maishapamoja.pdf\">Hier <\/a><\/span>k\u00f6nnen Sie das Beitrittsformular herunterladen. Dann schicken Sie es uns ausgef\u00fcllt zu, an:<\/p>\n<h4>Maisha Pamoja e.V.<\/h4>\n<h4>Th\u00fcringerstra\u00dfe 30 \/ 97450 Arnstein<\/h4>\n<h4>Deutschland<\/h4>\n<p>Oder wollen Sie ein ganzes Projekt unterst\u00fctzen und den Fortschritt mitverfolgen? Sie erhalten regelm\u00e4\u00dfig einen Bericht zum Status und wo Ihr Geld eingesetzt wurde und welchen Zweck Sie mit verwirklicht haben. Werden Sie Pate und beginnen Sie einen <a href=\"https:\/\/www.maisha-pamoja.de\/wp-content\/uploads\/2015\/01\/Maisha-Pamoja-Patenschaften.pdf\">Patenschaft bei Maisha Pamoja<\/a>.<\/p>\n","protected":false},"excerpt":{"rendered":"<p>SPENDEN Durch Ihre Spende* \u2013 egal in welcher H\u00f6he \u2013 tragen Sie einen gro\u00dfen Teil zur Unterst\u00fctzung der Projekte in Ostafrika bei. So konnte Maisha Pamoja e.V. im vergangenen Jahr die Projekte in Ostafrika wieder durch zahlreiche Spenden kr\u00e4ftig unterst\u00fctzen: &hellip; <a href=\"https:\/\/www.maisha-pamoja.de\/?page_id=40\">Weiterlesen <span class=\"meta-nav\">&rarr;<\/span><\/a><\/p>\n","protected":false},"author":1,"featured_media":159,"parent":0,"menu_order":0,"comment_status":"open","ping_status":"open","template":"","meta":{"footnotes":""},"class_list":["post-40","page","type-page","status-publish","has-post-thumbnail","hentry"],"_links":{"self":[{"href":"https:\/\/www.maisha-pamoja.de\/index.php?rest_route=\/wp\/v2\/pages\/40","targetHints":{"allow":["GET"]}}],"collection":[{"href":"https:\/\/www.maisha-pamoja.de\/index.php?rest_route=\/wp\/v2\/pages"}],"about":[{"href":"https:\/\/www.maisha-pamoja.de\/index.php?rest_route=\/wp\/v2\/types\/page"}],"author":[{"embeddable":true,"href":"https:\/\/www.maisha-pamoja.de\/index.php?rest_route=\/wp\/v2\/users\/1"}],"replies":[{"embeddable":true,"href":"https:\/\/www.maisha-pamoja.de\/index.php?rest_route=%2Fwp%2Fv2%2Fcomments&post=40"}],"version-history":[{"count":11,"href":"https:\/\/www.maisha-pamoja.de\/index.php?rest_route=\/wp\/v2\/pages\/40\/revisions"}],"predecessor-version":[{"id":461,"href":"https:\/\/www.maisha-pamoja.de\/index.php?rest_route=\/wp\/v2\/pages\/40\/revisions\/461"}],"wp:featuredmedia":[{"embeddable":true,"href":"https:\/\/www.maisha-pamoja.de\/index.php?rest_route=\/wp\/v2\/media\/159"}],"wp:attachment":[{"href":"https:\/\/www.maisha-pamoja.de\/index.php?rest_route=%2Fwp%2Fv2%2Fmedia&parent=40"}],"curies":[{"name":"wp","href":"https:\/\/api.w.org\/{rel}","templated":true}]}}