{"id":4,"date":"2015-01-27T19:36:12","date_gmt":"2015-01-27T19:36:12","guid":{"rendered":"http:\/\/wordpress.maisha-pamoja.de\/?page_id=4"},"modified":"2025-12-10T10:04:09","modified_gmt":"2025-12-10T10:04:09","slug":"aktuelles","status":"publish","type":"page","link":"https:\/\/www.maisha-pamoja.de\/","title":{"rendered":"Aktuelles"},"content":{"rendered":"<h2><span style=\"color: #ff9900;\">STARKE BILDER\u00a0\u00a0<\/span><\/h2>\n<h6><span style=\"color: #999999;\">Der neue Maisha Pamoja Fotokalender f\u00fcr 2026 ist da!<\/span><\/h6>\n<p class=\"p1\">12 Momente in Afrika, die Geschichten erz\u00e4hlen. Unser Fotokalender begleitet euch mit inspirierenden Zitaten durch 2026.<br \/>\nF\u00fcr 10 \u20ac kannst Du den DinA3 Wandkalender jetzt \u00fcber <a href=\"mailto:info@maisha-pamoja.de\">info@maisha-pamoja.de<\/a> vorbestellen.<br \/>\nDer Erl\u00f6s kommt zu 100% den Projekten zugute!<\/p>\n<p><a href=\"https:\/\/www.maisha-pamoja.de\/wp-content\/uploads\/2025\/12\/image.png\"><img loading=\"lazy\" decoding=\"async\" class=\"aligncenter size-full wp-image-453\" src=\"https:\/\/www.maisha-pamoja.de\/wp-content\/uploads\/2025\/12\/image.png\" alt=\"\" width=\"1511\" height=\"1097\" srcset=\"https:\/\/www.maisha-pamoja.de\/wp-content\/uploads\/2025\/12\/image.png 1511w, https:\/\/www.maisha-pamoja.de\/wp-content\/uploads\/2025\/12\/image-300x218.png 300w, https:\/\/www.maisha-pamoja.de\/wp-content\/uploads\/2025\/12\/image-1024x743.png 1024w, https:\/\/www.maisha-pamoja.de\/wp-content\/uploads\/2025\/12\/image-768x558.png 768w, https:\/\/www.maisha-pamoja.de\/wp-content\/uploads\/2025\/12\/image-413x300.png 413w\" sizes=\"auto, (max-width: 1511px) 100vw, 1511px\" \/><\/a><\/p>\n<hr \/>\n<h2><span style=\"color: #ff9900;\">STARKE TR\u00c4UME<\/span><\/h2>\n<p>Seinen Traumberuf verwirklichen &#8211; wer von uns\u00a0w\u00fcnscht sich das nicht? F\u00fcr viele Kinder in Tansania\u00a0sind die H\u00fcrden daf\u00fcr oft schier un\u00fcberwindbar\u00a0hoch.<\/p>\n<p>Kiberiti aber ist auf dem besten Weg zu seinem\u00a0Traumberuf &#8211; er studiert Medizin in Daressalam\u00a0und hat sein erstes Jahr erfolgreich abgeschlossen.\u00a0Viele von uns kennen ihn noch aus dem\u00a0Kinderheim in Ipuli\/ Tabora in Tansania, wo er\u00a0aufgewachsen ist. Wir freuen uns riesig, dass er\u00a0seinen Traum verwirklicht und w\u00fcnschen ihm viel\u00a0Erfolg f\u00fcr seinen weiteren Weg.<\/p>\n<p><a href=\"https:\/\/www.maisha-pamoja.de\/wp-content\/uploads\/2020\/04\/Bildschirmfoto-2020-04-03-um-10.13.50.png\"><img loading=\"lazy\" decoding=\"async\" class=\"alignnone size-medium wp-image-418\" src=\"https:\/\/www.maisha-pamoja.de\/wp-content\/uploads\/2020\/04\/Bildschirmfoto-2020-04-03-um-10.13.50-300x163.png\" alt=\"\" width=\"300\" height=\"163\" srcset=\"https:\/\/www.maisha-pamoja.de\/wp-content\/uploads\/2020\/04\/Bildschirmfoto-2020-04-03-um-10.13.50-300x163.png 300w, https:\/\/www.maisha-pamoja.de\/wp-content\/uploads\/2020\/04\/Bildschirmfoto-2020-04-03-um-10.13.50-500x272.png 500w, https:\/\/www.maisha-pamoja.de\/wp-content\/uploads\/2020\/04\/Bildschirmfoto-2020-04-03-um-10.13.50.png 600w\" sizes=\"auto, (max-width: 300px) 100vw, 300px\" \/><\/a><\/p>\n<p><em>&#8222;Dear Friends, how are you? On my side, I&#8217;m doing\u00a0fine. You are wonderful friends, and I appreciate\u00a0your love, kindness, support, and generosity. I just\u00a0wanted to write to let you know how much I\u00a0appreciate the positive influence you&#8217;ve had on my\u00a0life. Thank you for your concern, moral and material\u00a0help and useful advice! I\u2019ll be forever grateful.<\/em><\/p>\n<p><em>May the Almighty God keep showering you with\u00a0more blessings. Asanteni.&#8220;<\/em><\/p>\n<h3><\/h3>\n<hr \/>\n<h3><\/h3>\n<h2><span style=\"color: #ff9900;\">10 JAHRE MAISHA PAMOJA 2019<\/span><\/h2>\n<p>&#8222;Wenn viele kleine Leute\u00a0viele kleine Schritte tun,\u00a0k\u00f6nnen sie das Gesicht der\u00a0Welt ver\u00e4ndern.&#8220;\u00a010 Jahre nachdem wir uns dieses Vereinsmotto\u00a0ausgesucht haben, macht es mehr Sinn denn je. In\u00a0einem Jahrzehnt haben wir gemeinsam kleine und\u00a0auch gro\u00dfe Schritte gewagt. Gemeinsam haben wir\u00a0viel bewegt und unsere Welt aktiv gestaltet.<\/p>\n<p>Mit den Kindern und Projekten in Ostafrika sind\u00a0auch wir gewachsen: 67 Vereinsmitglieder und\u00a0zahlreiche Freunde und Unterst\u00fctzer &#8211; Maisha\u00a0Pamoja ist eine starke Familie geworden.\u00a0Um das zu feiern, haben wir uns im Juni zur\u00a0Jahreshauptversammlung in Rom getroffen. Fr.\u00a0Thomas Varghese, &#8222;Papa&#8220; des Vereins, hatte uns in\u00a0die ewige Stadt eingeladen. Er arbeitet dort gerade\u00a0als Direktor im Mission Development B\u00fcro von\u00a0MSFS und managt soziale Projekte weltweit. Zu\u00a0sp\u00e4ter Stunde auf dem Petersplatz in Erinnerungen\u00a0an Afrika schwelgen, neue Ideen im lebendigen\u00a0Viertel von Trastevere spinnen und unsere\u00a0Jahreshauptversammlung direkt vor den Mauern\u00a0des Vatikan abhalten&#8230; mit diesen tollen\u00a0Eindr\u00fccken gest\u00e4rkt starten wir ins n\u00e4chste\u00a0Maisha Pamoja Jahrzehnt!<\/p>\n<p><a href=\"https:\/\/www.maisha-pamoja.de\/wp-content\/uploads\/2020\/04\/Bildschirmfoto-2020-04-03-um-10.08.25.png\"><img loading=\"lazy\" decoding=\"async\" class=\"alignnone size-medium wp-image-417\" src=\"https:\/\/www.maisha-pamoja.de\/wp-content\/uploads\/2020\/04\/Bildschirmfoto-2020-04-03-um-10.08.25-300x208.png\" alt=\"\" width=\"300\" height=\"208\" srcset=\"https:\/\/www.maisha-pamoja.de\/wp-content\/uploads\/2020\/04\/Bildschirmfoto-2020-04-03-um-10.08.25-300x208.png 300w, https:\/\/www.maisha-pamoja.de\/wp-content\/uploads\/2020\/04\/Bildschirmfoto-2020-04-03-um-10.08.25-768x533.png 768w, https:\/\/www.maisha-pamoja.de\/wp-content\/uploads\/2020\/04\/Bildschirmfoto-2020-04-03-um-10.08.25-432x300.png 432w, https:\/\/www.maisha-pamoja.de\/wp-content\/uploads\/2020\/04\/Bildschirmfoto-2020-04-03-um-10.08.25.png 861w\" sizes=\"auto, (max-width: 300px) 100vw, 300px\" \/><\/a><\/p>\n<hr \/>\n<h3><\/h3>\n<h2><span style=\"color: #ff9900;\">REISEBERICHTE \u00dcBER UGANDA\u00a0<\/span><\/h2>\n<p><a href=\"https:\/\/www.maisha-pamoja.de\/wp-content\/uploads\/2018\/05\/AZ_Uganda_2018.pdf\" target=\"_blank\" rel=\"noopener\">Hier <\/a>k\u00f6nnen sie den artikel von Rosemarie Vielreicher lesen.<\/p>\n<h3><span style=\"color: #ff9900;\"><a href=\"https:\/\/www.maisha-pamoja.de\/wp-content\/uploads\/2018\/05\/Bildschirmfoto-2018-05-23-um-19.57.11.png\"><img loading=\"lazy\" decoding=\"async\" class=\"alignnone size-medium wp-image-396\" src=\"https:\/\/www.maisha-pamoja.de\/wp-content\/uploads\/2018\/05\/Bildschirmfoto-2018-05-23-um-19.57.11-254x300.png\" alt=\"\" width=\"254\" height=\"300\" srcset=\"https:\/\/www.maisha-pamoja.de\/wp-content\/uploads\/2018\/05\/Bildschirmfoto-2018-05-23-um-19.57.11-254x300.png 254w, https:\/\/www.maisha-pamoja.de\/wp-content\/uploads\/2018\/05\/Bildschirmfoto-2018-05-23-um-19.57.11.png 360w\" sizes=\"auto, (max-width: 254px) 100vw, 254px\" \/><\/a>\u00a0<\/span><\/h3>\n<h3><\/h3>\n<h3><span style=\"color: #ff9900;\">immer wieder Uganda.<\/span><\/h3>\n<h6><span style=\"color: #808080;\">Ein Erfahrungsbericht auf den 2. Blick von Steffi Rettinger<\/span><\/h6>\n<p>Werft <a href=\"https:\/\/www.maisha-pamoja.de\/?page_id=20\">hier\u00a0<\/a>einen Blick in den Alltag an der Schule in Steffis Bericht.<\/p>\n<p>Als wir aus dem Flugzeug steigen, schl\u00e4gt uns die br\u00fctende Hitze des afrikanischen Nachmittags und staubige Luft entgegen und in der Ferne gl\u00e4nzt der Viktoriasee friedlich. Es ist der zweite Besuch der Perle Afrikas f\u00fcr uns &#8211; vor einem Jahr erbrachten<br \/>\nwir drei Monate im kleinen Osia nahe der kenianischen Grenze.<\/p>\n<p><a href=\"https:\/\/www.maisha-pamoja.de\/?page_id=20\">Lest hier den ganzen Bericht<\/a> und sammelt ein paar Eindr\u00fccke von Steffi Rettinger:<br \/>\n<iframe loading=\"lazy\" src=\"https:\/\/player.vimeo.com\/video\/166314411\" width=\"640\" height=\"360\" frameborder=\"0\" allowfullscreen=\"allowfullscreen\"><\/iframe><\/p>\n<p><a href=\"https:\/\/vimeo.com\/166314411\">Afoyo, Iyolwa!<\/a> from <a href=\"https:\/\/vimeo.com\/steffirettinger\">Steffi Rettinger<\/a> on <a href=\"https:\/\/vimeo.com\">Vimeo<\/a>.<\/p>\n<hr \/>\n<h3><span style=\"color: #ff9900;\">unser jahresr\u00fcckblick 2015<\/span><\/h3>\n<p><span style=\"color: #808080;\">Haraka haraka haina baraka. (Swahili &#8211; Schnell schnell bringt keinen Segen.)<\/span><\/p>\n<div>\n<p>Gem\u00e4\u00df diesem Motto schauen wir ganz in Ruhe noch einmal auf das Jahr 2015 zur\u00fcck &#8211; auch wenn wir schon mitten in 2016 stecken &#8211; und geben einen\u00a0kleinen \u00dcberblick \u00fcber die Entwicklungen der Projekte in Ostafrika. Sie wachsen stetig, und auch in Iyolwa ist es nach Startschwierigkeiten gut angelaufen. Der kulturelle Austausch durch Volunteers, die direkt vor Ort mit anpacken, zeigt deutlich, dass nicht nur finanzielle Unterst\u00fctzung hilft, sondern jeder Beitrag etwas Gutes bewirken kann. <a href=\"https:\/\/www.maisha-pamoja.de\/?page_id=325\" target=\"_blank\" rel=\"noopener noreferrer\">Weiterlesen&#8230;<\/a><\/p>\n<\/div>\n<p style=\"text-align: center;\"><a href=\"https:\/\/www.maisha-pamoja.de\/wp-content\/uploads\/2016\/02\/kinder.png\"><img loading=\"lazy\" decoding=\"async\" class=\"alignnone size-full wp-image-328\" src=\"https:\/\/www.maisha-pamoja.de\/wp-content\/uploads\/2016\/02\/kinder.png\" alt=\"kinder\" width=\"264\" height=\"263\" srcset=\"https:\/\/www.maisha-pamoja.de\/wp-content\/uploads\/2016\/02\/kinder.png 264w, https:\/\/www.maisha-pamoja.de\/wp-content\/uploads\/2016\/02\/kinder-150x150.png 150w\" sizes=\"auto, (max-width: 264px) 100vw, 264px\" \/><\/a><\/p>\n<div>\n<\/div>\n<hr \/>\n<div>\n<\/div>\n<div><\/div>\n<div><\/div>\n<h3 style=\"text-align: justify;\"><span style=\"color: #ff9900;\">drei oberpf\u00e4lzerinnen auf entdeckungsreise<\/span><\/h3>\n<h6 style=\"text-align: justify;\"><span style=\"color: #808080;\">Ein Erfahrungsbericht reich an beeindruckenden\u00a0Bildern &#8211; im wahrsten Sinne des Wortes!<\/span><\/h6>\n<p style=\"text-align: justify;\">Drei Volunteers berichten von ihren Erfahrungen, die sie vergangenen Winter in Ostafrika machten, unter anderem von den Fortschritten des neuen Projekts in Uganda. Eine von ihnen, Steffi Rettinger, hielt die einzigartigen Momente dort mit ihrer Kamera fest. So entstanden wundersch\u00f6ne Bilder, die auch unseren\u00a0diesj\u00e4hrigen\u00a0Fotokalender schm\u00fccken werden! <a href=\"https:\/\/www.maisha-pamoja.de\/?page_id=20\" target=\"_blank\" rel=\"noopener noreferrer\">Zum Erfahrungsbericht&#8230;<\/a><\/p>\n<div id=\"attachment_281\" style=\"width: 910px\" class=\"wp-caption aligncenter\"><a href=\"https:\/\/www.maisha-pamoja.de\/wp-content\/uploads\/2015\/01\/Uganda-2948.jpg\"><img loading=\"lazy\" decoding=\"async\" aria-describedby=\"caption-attachment-281\" class=\"wp-image-281 size-full\" src=\"https:\/\/www.maisha-pamoja.de\/wp-content\/uploads\/2015\/01\/Uganda-2948.jpg\" alt=\"\u00a9 Steffi Rettinger\" width=\"900\" height=\"596\" srcset=\"https:\/\/www.maisha-pamoja.de\/wp-content\/uploads\/2015\/01\/Uganda-2948.jpg 900w, https:\/\/www.maisha-pamoja.de\/wp-content\/uploads\/2015\/01\/Uganda-2948-300x199.jpg 300w, https:\/\/www.maisha-pamoja.de\/wp-content\/uploads\/2015\/01\/Uganda-2948-453x300.jpg 453w\" sizes=\"auto, (max-width: 900px) 100vw, 900px\" \/><\/a><p id=\"caption-attachment-281\" class=\"wp-caption-text\">\u00a9 Steffi Rettinger<\/p><\/div>\n<hr \/>\n<h3><\/h3>\n<p style=\"text-align: center;\"><strong><em>&#8222;Wenn viele kleine Leute an vielen kleinen Orten viele kleine Dinge tun,\u00a0<\/em><\/strong><\/p>\n<p style=\"text-align: center;\"><strong><em>k\u00f6nnen sie das Gesicht der Welt ver\u00e4ndern. &#8222;<\/em><\/strong><\/p>\n<h3 style=\"text-align: justify;\"><span style=\"color: #ff9900;\">Tsch\u00fcss &#8211; Goodbye &#8211; Karibu<span class=\"st\">!<\/span><\/span><\/h3>\n<p style=\"text-align: justify;\"><span class=\"st\">In Iyolwa\/Uganda ist eine neues Projekt f\u00fcr Kinder und deren Familien entstanden.<br \/>\n<\/span>Hier ein erster Eindruck vom Projekt:<\/p>\n<p><iframe loading=\"lazy\" title=\"A New MSFS Mission in Iyolwa, Uganda\" width=\"584\" height=\"438\" src=\"https:\/\/www.youtube.com\/embed\/UY4_voRwqq8?feature=oembed\" frameborder=\"0\" allow=\"accelerometer; autoplay; clipboard-write; encrypted-media; gyroscope; picture-in-picture; web-share\" referrerpolicy=\"strict-origin-when-cross-origin\" allowfullscreen><\/iframe><\/p>\n<hr \/>\n<h3 style=\"text-align: justify;\"><\/h3>\n<h3 style=\"text-align: justify;\"><span style=\"color: #ff9900;\">Erfahrungsbericht von Elli Hien \u2013 Volunteereinsatz in Ipuli, Tabora \/ Tansania<\/span><\/h3>\n<h6 style=\"text-align: justify;\"><span style=\"color: #999999;\">September 2013 \u2013 Februar 2014<\/span><\/h6>\n<p style=\"text-align: justify;\">Ich war im Zeitraum von September 2013 bis Februar 2014 in Ipuli, Tabora und habe die SFS School und das SFS Boy&#8217;s Home unterst\u00fctzt. Ich war sehr gespannt, was mich in diesem knapp halben Jahr als Volunteer alles erwarten wird. Ich selbst habe frisch mein Studium beendet und wollte nochmal weg bevor mich das Arbeitsleben einholt. Etwas Gutes tun und ein freiwilliges halbes Jahr in Afrika zu verbringen lag mir schwer am Herzen. So hat es mich umso mehr gefreut, als mir eine Freundin von FOSTER in Tabora vorgeschw\u00e4rmt hat, es mir w\u00e4rmstens empfohlen hat und ich letztendlich auch dort hin durfte.<\/p>\n<p style=\"text-align: justify;\">Von meinem Volunteereinsatz erhoffte ich mir durch den l\u00e4ngeren Auslandsaufenthalt und dem Erleben eines \u201eArbeitsalltags\u201c in Tansania einen vertieften Einblick in die Kultur dieses Landes zu bekommen. Ich wollte erfahren, wie die Menschen dort leben und ihren Alltag verbringen. Die Kinder zu unterst\u00fctzen und ihnen eine Hilfe sein war jedoch mein gr\u00f6\u00dfter Beweggrund f\u00fcr dieses Abenteuer.<br \/>\nAfrika hatte mich als Kontinent schon immer fasziniert und interessiert. Ich habe w\u00e4hrend meiner freiwilligen Arbeit das Land und seine Leute kennen und lieben gelernt. Durch meine Zeit in Ipuli, die Reisen, die ich unternommen habe und durch Ausfl\u00fcge mit den Priestern in kleine D\u00f6rfer, konnte ich tolle Einblicke in das Leben und den Alltag von Familien bekommen und hatten interessante und spannende Begegnungen.<\/p>\n<p style=\"text-align: justify;\"><a href=\"http:\/\/maishapamoja.wordpress.com\/erfahrungsberichte\/\"><span style=\"color: #ff9900;\">Weiterlesen&#8230;<\/span><\/a><\/p>\n<hr \/>\n<blockquote>\n<h5 style=\"text-align: center;\"><em><br \/>\n\u201eHeute kann, wie Frantz Fanon schreibt, nichts mehr als ausschlie\u00dflich europ\u00e4isch, amerikanisch, chinesisch, indisch oder afrikanisch gelten.\u00a0<\/em><em>Die gesamte Welt ist unser Erbe;<br \/>\nkultureller Ausdruck, Kreativit\u00e4t und Innovation bedeuten heute nicht mehr, an toten Br\u00e4uchen festzuhalten,\u00a0sondern vielf\u00e4ltige Wege auszuhandeln, die Welt zu bewohnen.\u201c<sup>1<\/sup><\/em><\/h5>\n<\/blockquote>\n<div id=\"attachment_204\" style=\"width: 716px\" class=\"wp-caption aligncenter\"><a href=\"https:\/\/maishapamoja.files.wordpress.com\/2014\/11\/africafuture.png\"><img loading=\"lazy\" decoding=\"async\" aria-describedby=\"caption-attachment-204\" class=\"wp-image-204\" src=\"https:\/\/maishapamoja.files.wordpress.com\/2014\/11\/africafuture.png?w=300\" alt=\"africafuture\" width=\"706\" height=\"385\" \/><\/a><p id=\"caption-attachment-204\" class=\"wp-caption-text\">Afrikafestival W\u00fcrzburg 2010 \u00a9 Friederike Nickel<\/p><\/div>\n<p>Dies ist eine Plattform f\u00fcr Berichte, \u00dcberlegungen, Statements, Fragen und Geschichten aus Ferne und N\u00e4he, Vergangenheit, Gegenwart und Zukunft&#8230;<\/p>\n<p>Die Zukunft liegt nicht allein in finanzieller \u201eEntwicklungshilfe\u201c, sondern in ehrlichem Interesse f\u00fcr die andere Kultur. Wir wollen nicht nur einseitige Unterst\u00fctzung, sondern Austausch und Zusammenarbeit &#8211; gegenseitige Bereicherung.<\/p>\n<p>Wir wollen dazu beitragen, dass der Zukunft Afrikas alle T\u00fcren offenstehen und die verschiedenen Kulturen miteinander anstatt gegeneinander wachsen. Die Zukunft liegt in den H\u00e4nden der Kinder und Jugendlichen. Deshalb unterst\u00fctzen wir Einrichtungen, die benachteiligten Kindern und Jugendlichen durch ein Zuhause und Bildung eine Chance geben.<\/p>\n<p>St\u00e4ndiger Dialog \u2013 vor allem auch in kritischer Selbstbetrachtung \u2013 ist uns sehr wichtig. Deshalb freuen wir uns \u00fcber jegliche R\u00fcckmeldungen. Schreiben Sie uns, wenn Sie sich auch engagieren m\u00f6chten!<\/p>\n<h6><span style=\"color: #999999;\">1 Achille Mbembe: Kultur neu denken: Kunst, Markt und Entwicklung in Afrika, in: Goethe-Institut. Reportagen Bilder Gespr\u00e4che 2. 10, M\u00fcnchen 2010, S. 9.<\/span><\/h6>\n","protected":false},"excerpt":{"rendered":"<p>STARKE BILDER\u00a0\u00a0 Der neue Maisha Pamoja Fotokalender f\u00fcr 2026 ist da! 12 Momente in Afrika, die Geschichten erz\u00e4hlen. Unser Fotokalender begleitet euch mit inspirierenden Zitaten durch 2026. F\u00fcr 10 \u20ac kannst Du den DinA3 Wandkalender jetzt \u00fcber info@maisha-pamoja.de vorbestellen. Der &hellip; <a href=\"https:\/\/www.maisha-pamoja.de\/\">Weiterlesen <span class=\"meta-nav\">&rarr;<\/span><\/a><\/p>\n","protected":false},"author":1,"featured_media":161,"parent":0,"menu_order":0,"comment_status":"open","ping_status":"open","template":"","meta":{"footnotes":""},"class_list":["post-4","page","type-page","status-publish","has-post-thumbnail","hentry"],"_links":{"self":[{"href":"https:\/\/www.maisha-pamoja.de\/index.php?rest_route=\/wp\/v2\/pages\/4","targetHints":{"allow":["GET"]}}],"collection":[{"href":"https:\/\/www.maisha-pamoja.de\/index.php?rest_route=\/wp\/v2\/pages"}],"about":[{"href":"https:\/\/www.maisha-pamoja.de\/index.php?rest_route=\/wp\/v2\/types\/page"}],"author":[{"embeddable":true,"href":"https:\/\/www.maisha-pamoja.de\/index.php?rest_route=\/wp\/v2\/users\/1"}],"replies":[{"embeddable":true,"href":"https:\/\/www.maisha-pamoja.de\/index.php?rest_route=%2Fwp%2Fv2%2Fcomments&post=4"}],"version-history":[{"count":59,"href":"https:\/\/www.maisha-pamoja.de\/index.php?rest_route=\/wp\/v2\/pages\/4\/revisions"}],"predecessor-version":[{"id":458,"href":"https:\/\/www.maisha-pamoja.de\/index.php?rest_route=\/wp\/v2\/pages\/4\/revisions\/458"}],"wp:featuredmedia":[{"embeddable":true,"href":"https:\/\/www.maisha-pamoja.de\/index.php?rest_route=\/wp\/v2\/media\/161"}],"wp:attachment":[{"href":"https:\/\/www.maisha-pamoja.de\/index.php?rest_route=%2Fwp%2Fv2%2Fmedia&parent=4"}],"curies":[{"name":"wp","href":"https:\/\/api.w.org\/{rel}","templated":true}]}}