{"id":38,"date":"2015-01-27T19:52:39","date_gmt":"2015-01-27T19:52:39","guid":{"rendered":"http:\/\/wordpress.maisha-pamoja.de\/?page_id=38"},"modified":"2020-04-03T08:21:03","modified_gmt":"2020-04-03T08:21:03","slug":"ueber-uns","status":"publish","type":"page","link":"https:\/\/www.maisha-pamoja.de\/?page_id=38","title":{"rendered":"\u00dcber uns"},"content":{"rendered":"<p>&nbsp;<\/p>\n<h2>Wer sind wir?<\/h2>\n<h4 style=\"text-align: center;\">&#8230; ein junger, gemeinn\u00fctziger, eingetragener Verein, gegr\u00fcndet im Februar 2009,<br \/>\nder\u00a0mittlerweile auf 67 Mitglieder angewachsen ist.<br \/>\nGem\u00e4\u00df unserem Motto wurde Maisha\u00a0Pamoja aus der \u00dcberzeugung heraus gegr\u00fcndet,<br \/>\ndass auch eine kleine Gruppe von\u00a0Menschen Gro\u00dfes bewirken kann<br \/>\n\u2013 wenn alle mit Herzblut dabei sind!<\/h4>\n<p>&nbsp;<\/p>\n<div id=\"attachment_211\" style=\"width: 594px\" class=\"wp-caption aligncenter\"><a href=\"https:\/\/www.maisha-pamoja.de\/wp-content\/uploads\/2015\/01\/IMG_2799.jpg\"><img loading=\"lazy\" decoding=\"async\" aria-describedby=\"caption-attachment-211\" class=\"wp-image-211 size-large\" src=\"https:\/\/www.maisha-pamoja.de\/wp-content\/uploads\/2015\/01\/IMG_2799-1024x683.jpg\" alt=\"IMG_2799\" width=\"584\" height=\"390\" srcset=\"https:\/\/www.maisha-pamoja.de\/wp-content\/uploads\/2015\/01\/IMG_2799-1024x683.jpg 1024w, https:\/\/www.maisha-pamoja.de\/wp-content\/uploads\/2015\/01\/IMG_2799-300x200.jpg 300w, https:\/\/www.maisha-pamoja.de\/wp-content\/uploads\/2015\/01\/IMG_2799-450x300.jpg 450w\" sizes=\"auto, (max-width: 584px) 100vw, 584px\" \/><\/a><p id=\"caption-attachment-211\" class=\"wp-caption-text\">Viele von uns waren bzw. sind in Ostafrika als Freiwillige in Projekten f\u00fcr Kinder und Jugendliche t\u00e4tig.<\/p><\/div>\n<p>&nbsp;<\/p>\n<h2><\/h2>\n<p>&nbsp;<\/p>\n<p>Gut durchdachte finanzielle Unterst\u00fctzung ist ein wichtiges Ziel unseres Vereins. Aber mindestens genauso wichtig ist f\u00fcr uns Austausch und Kommunikation. Deshalb fliegen viele von uns immer wieder nach Ostafrika und besuchen die Projekte.<\/p>\n<blockquote><p>\u00a0\u201eMaisha pamoja\u201c kommt aus der Sprache Suaheli, die in Ostafrika gesprochen wird, und bedeutet \u201egemeinsam leben\u201c.<\/p><\/blockquote>\n<p style=\"text-align: justify;\">Gemeinsam wollen wir dazu beitragen, dass der Zukunft Afrikas alle T\u00fcren offen stehen und die verschiedenen Kulturen miteinander anstatt gegeneinander wachsen. Die Zukunft liegt in den H\u00e4nden der Kinder und Jugendlichen. Deshalb unterst\u00fctzen wir Einrichtungen, die benachteiligten Kindern und Jugendlichen durch ein Zuhause und Bildung eine Chance geben. In Bildung und dem Aufwachsen in einer sicheren Umgebung sehen wir die Grundlage f\u00fcr das Funktionieren einer Gesellschaft.<\/p>\n<p>&nbsp;<\/p>\n<h3>Was tun wir?<\/h3>\n<p><a href=\"https:\/\/www.maisha-pamoja.de\/wp-content\/uploads\/2015\/01\/sonne.png\"><img loading=\"lazy\" decoding=\"async\" class=\" alignright\" src=\"https:\/\/www.maisha-pamoja.de\/wp-content\/uploads\/2015\/01\/sonne-300x225.png\" alt=\"sonne\" width=\"300\" height=\"225\" \/><\/a><\/p>\n<p>\u2022 Wir unterst\u00fctzen Projekte f\u00fcr Kinder und Jugendliche besonders in Ostafrika.<\/p>\n<p>\u2022 Durch gute Kontakte zu den Projekten vermitteln wir Heim- und<br \/>\nSchulpatenschaften \u00a0(patenschaften@maisha-pamoja.de).<\/p>\n<p>\u2022 Wir beteiligen uns an Spendenaktionen oder organisieren eigene<br \/>\nVeranstaltungen wie zum Beispiel Benefizkonzerte oder\u00a0Info-Abende.<\/p>\n<p>\u2022 Wir setzen Spendengelder direkt und effektiv ein.<\/p>\n<p>\u2022 Wir helfen bei der Vermittlung von Freiwilligendiensten in Afrika.<\/p>\n<p>&nbsp;<\/p>\n","protected":false},"excerpt":{"rendered":"<p>&nbsp; Wer sind wir? &#8230; ein junger, gemeinn\u00fctziger, eingetragener Verein, gegr\u00fcndet im Februar 2009, der\u00a0mittlerweile auf 67 Mitglieder angewachsen ist. Gem\u00e4\u00df unserem Motto wurde Maisha\u00a0Pamoja aus der \u00dcberzeugung heraus gegr\u00fcndet, dass auch eine kleine Gruppe von\u00a0Menschen Gro\u00dfes bewirken kann \u2013 &hellip; <a href=\"https:\/\/www.maisha-pamoja.de\/?page_id=38\">Weiterlesen <span class=\"meta-nav\">&rarr;<\/span><\/a><\/p>\n","protected":false},"author":1,"featured_media":174,"parent":0,"menu_order":0,"comment_status":"open","ping_status":"open","template":"","meta":{"footnotes":""},"class_list":["post-38","page","type-page","status-publish","has-post-thumbnail","hentry"],"_links":{"self":[{"href":"https:\/\/www.maisha-pamoja.de\/index.php?rest_route=\/wp\/v2\/pages\/38","targetHints":{"allow":["GET"]}}],"collection":[{"href":"https:\/\/www.maisha-pamoja.de\/index.php?rest_route=\/wp\/v2\/pages"}],"about":[{"href":"https:\/\/www.maisha-pamoja.de\/index.php?rest_route=\/wp\/v2\/types\/page"}],"author":[{"embeddable":true,"href":"https:\/\/www.maisha-pamoja.de\/index.php?rest_route=\/wp\/v2\/users\/1"}],"replies":[{"embeddable":true,"href":"https:\/\/www.maisha-pamoja.de\/index.php?rest_route=%2Fwp%2Fv2%2Fcomments&post=38"}],"version-history":[{"count":10,"href":"https:\/\/www.maisha-pamoja.de\/index.php?rest_route=\/wp\/v2\/pages\/38\/revisions"}],"predecessor-version":[{"id":420,"href":"https:\/\/www.maisha-pamoja.de\/index.php?rest_route=\/wp\/v2\/pages\/38\/revisions\/420"}],"wp:featuredmedia":[{"embeddable":true,"href":"https:\/\/www.maisha-pamoja.de\/index.php?rest_route=\/wp\/v2\/media\/174"}],"wp:attachment":[{"href":"https:\/\/www.maisha-pamoja.de\/index.php?rest_route=%2Fwp%2Fv2%2Fmedia&parent=38"}],"curies":[{"name":"wp","href":"https:\/\/api.w.org\/{rel}","templated":true}]}}