{"id":36,"date":"2015-01-27T19:52:00","date_gmt":"2015-01-27T19:52:00","guid":{"rendered":"http:\/\/wordpress.maisha-pamoja.de\/?page_id=36"},"modified":"2015-02-06T09:10:52","modified_gmt":"2015-02-06T09:10:52","slug":"sfs-girls-home-tabora","status":"publish","type":"page","link":"https:\/\/www.maisha-pamoja.de\/?page_id=36","title":{"rendered":"SFS Girls Home Tabora"},"content":{"rendered":"<h3>St. Francis de Sales Girl&#8217;s Home<\/h3>\n<p>&nbsp;<\/p>\n<p style=\"text-align: justify;\">Zu Beginn des tansanischen Schuljahres wurde neben der SFS Schule im\u00a0Januar 2010 das M\u00e4dchenwohnheim der Fransalianer er\u00f6ffnet.<\/p>\n<p style=\"text-align: justify;\">Im Moment wohnen dort 67 M\u00e4dchen sowohl aus \u00e4rmsten als auch\u00a0aus\u00a0wohlhabenderen Verh\u00e4ltnissen. Sie besuchen alle die dortige Schule,\u00a0werden im Heim versorgt und insbesondere hinsichtlich ihrer schulischen\u00a0F\u00e4higkeiten gef\u00f6rdert.<\/p>\n<p style=\"text-align: justify;\">Die R\u00e4umlichkeiten bieten ein Zuhause f\u00fcr bis zu 100\u00a0M\u00e4dchen, die in naher Zukunft noch aufgenommen werden sollen.<\/p>\n<p>\u00a0<a href=\"https:\/\/www.maisha-pamoja.de\/wp-content\/uploads\/2015\/01\/wassertanks.png\"><img loading=\"lazy\" decoding=\"async\" class=\" size-medium wp-image-206 aligncenter\" src=\"https:\/\/www.maisha-pamoja.de\/wp-content\/uploads\/2015\/01\/wassertanks-300x225.png\" alt=\"wassertanks\" width=\"300\" height=\"225\" srcset=\"https:\/\/www.maisha-pamoja.de\/wp-content\/uploads\/2015\/01\/wassertanks-300x225.png 300w, https:\/\/www.maisha-pamoja.de\/wp-content\/uploads\/2015\/01\/wassertanks.png 400w\" sizes=\"auto, (max-width: 300px) 100vw, 300px\" \/><\/a><\/p>\n<p>&nbsp;<\/p>\n<p>&nbsp;<\/p>\n<blockquote>\n<h4 style=\"text-align: center;\">&#8230; unser Beitrag: Im Jahr 2009 finanzierte Maisha Pamoja<br \/>\neinen der Wassertanks f\u00fcr das M\u00e4dchenwohnheim.<\/h4>\n<p>&nbsp;<\/p>\n<p>&nbsp;<\/p><\/blockquote>\n","protected":false},"excerpt":{"rendered":"<p>St. Francis de Sales Girl&#8217;s Home &nbsp; Zu Beginn des tansanischen Schuljahres wurde neben der SFS Schule im\u00a0Januar 2010 das M\u00e4dchenwohnheim der Fransalianer er\u00f6ffnet. Im Moment wohnen dort 67 M\u00e4dchen sowohl aus \u00e4rmsten als auch\u00a0aus\u00a0wohlhabenderen Verh\u00e4ltnissen. Sie besuchen alle die &hellip; <a href=\"https:\/\/www.maisha-pamoja.de\/?page_id=36\">Weiterlesen <span class=\"meta-nav\">&rarr;<\/span><\/a><\/p>\n","protected":false},"author":1,"featured_media":171,"parent":0,"menu_order":0,"comment_status":"open","ping_status":"open","template":"","meta":{"footnotes":""},"class_list":["post-36","page","type-page","status-publish","has-post-thumbnail","hentry"],"_links":{"self":[{"href":"https:\/\/www.maisha-pamoja.de\/index.php?rest_route=\/wp\/v2\/pages\/36","targetHints":{"allow":["GET"]}}],"collection":[{"href":"https:\/\/www.maisha-pamoja.de\/index.php?rest_route=\/wp\/v2\/pages"}],"about":[{"href":"https:\/\/www.maisha-pamoja.de\/index.php?rest_route=\/wp\/v2\/types\/page"}],"author":[{"embeddable":true,"href":"https:\/\/www.maisha-pamoja.de\/index.php?rest_route=\/wp\/v2\/users\/1"}],"replies":[{"embeddable":true,"href":"https:\/\/www.maisha-pamoja.de\/index.php?rest_route=%2Fwp%2Fv2%2Fcomments&post=36"}],"version-history":[{"count":2,"href":"https:\/\/www.maisha-pamoja.de\/index.php?rest_route=\/wp\/v2\/pages\/36\/revisions"}],"predecessor-version":[{"id":207,"href":"https:\/\/www.maisha-pamoja.de\/index.php?rest_route=\/wp\/v2\/pages\/36\/revisions\/207"}],"wp:featuredmedia":[{"embeddable":true,"href":"https:\/\/www.maisha-pamoja.de\/index.php?rest_route=\/wp\/v2\/media\/171"}],"wp:attachment":[{"href":"https:\/\/www.maisha-pamoja.de\/index.php?rest_route=%2Fwp%2Fv2%2Fmedia&parent=36"}],"curies":[{"name":"wp","href":"https:\/\/api.w.org\/{rel}","templated":true}]}}