{"id":34,"date":"2015-01-27T19:51:15","date_gmt":"2015-01-27T19:51:15","guid":{"rendered":"http:\/\/wordpress.maisha-pamoja.de\/?page_id=34"},"modified":"2015-02-05T21:33:07","modified_gmt":"2015-02-05T21:33:07","slug":"sfs-boys-home-tabora","status":"publish","type":"page","link":"https:\/\/www.maisha-pamoja.de\/?page_id=34","title":{"rendered":"SFS Boy&#8217;s Home Tabora"},"content":{"rendered":"<h3>St. Francis de Sales Boy\u2019s Home<\/h3>\n<p>&nbsp;<\/p>\n<p><a href=\"https:\/\/www.maisha-pamoja.de\/wp-content\/uploads\/2015\/02\/kinderheim.png\"><img loading=\"lazy\" decoding=\"async\" class=\" size-medium wp-image-192 alignright\" src=\"https:\/\/www.maisha-pamoja.de\/wp-content\/uploads\/2015\/02\/kinderheim-225x300.png\" alt=\"kinderheim\" width=\"225\" height=\"300\" srcset=\"https:\/\/www.maisha-pamoja.de\/wp-content\/uploads\/2015\/02\/kinderheim-225x300.png 225w, https:\/\/www.maisha-pamoja.de\/wp-content\/uploads\/2015\/02\/kinderheim.png 300w\" sizes=\"auto, (max-width: 225px) 100vw, 225px\" \/><\/a><\/p>\n<p>Kindern, die \u201cnirgendwo hingeh\u00f6ren\u201d, gibt das Kinderheim in Tabora, mitten im Herzen Tansanias\u00a0mit 33 Stra\u00dfen- und Waisenkindern im Alter von 7-17 Jahren eine zweite Chance.<\/p>\n<p>&nbsp;<\/p>\n<p>Das Heim bietet:<\/p>\n<ul>\n<li>\u00a0ein Dach \u00fcber dem Kopf<\/li>\n<li>Essen und Kleidung<\/li>\n<li>medizinische Versorgung<\/li>\n<li>gesicherte Schulbildung<\/li>\n<li>seelische Betreuung<\/li>\n<li>eine sch\u00fctzende und sichere Umgebung<\/li>\n<li>die M\u00f6glichkeit, individuelle F\u00e4higkeiten und Talente zu entdecken<\/li>\n<li>die Vorbereitung auf das Erwachsenwerden<\/li>\n<\/ul>\n<p>&nbsp;<\/p>\n<p>&#8230; ein Sprungbrett in ein hoffnungsvolleres Leben!<\/p>\n<p>&nbsp;<\/p>\n<p>&nbsp;<\/p>\n<blockquote>\n<h4 style=\"text-align: center;\">&#8230; unser Beitrag: Im Jahr 2012 finanzierte Maisha Pamoja e.V. die Ziegelsteine f\u00fcr den Bau des neuen Kinderheims f\u00fcr die Jungs.<\/h4>\n<h4 style=\"text-align: center;\">2013 unterst\u00fctzten wir das Kinderheim mit der Finanzierung der M\u00f6bel, K\u00fcchenausstattung, Matratzen, Moskitonetze u.\u00e4.<\/h4>\n<\/blockquote>\n<p>&nbsp;<\/p>\n<p style=\"text-align: justify;\">Der Bau dieses neuen Geb\u00e4udes wurde im Sommer 2012 begonnen. Das neue Kinderheim ist wichtig, weil das derzeitige Geb\u00e4ude schon sehr alt ist und nur Platz f\u00fcr etwa 30\u00a0Kinder bietet. Das neue Kinderheim soll gr\u00f6\u00dfer werden und dann zwischen 80 und 100 Kindern ein Zuhause bieten. Au\u00dferdem wird es ganz in der N\u00e4he der Schule gebaut, so\u00a0dass die Kinder dann nicht mehr einen so langen Schulweg haben. Das neue Kinderheimgeb\u00e4ude soll bis April 2014 fertig gestellt werden. Der Bau der ersten zwei Geb\u00e4udefl\u00fcgel\u00a0ist bereits beendet, so dass die Jungen vom alten Kinderheim in das neue Geb\u00e4ude umziehen konnten.<\/p>\n<p><a href=\"https:\/\/www.maisha-pamoja.de\/wp-content\/uploads\/2015\/02\/1972322_1436007189977817_1365488059_n.jpg\"><img loading=\"lazy\" decoding=\"async\" class=\"alignnone wp-image-191 size-full\" src=\"https:\/\/www.maisha-pamoja.de\/wp-content\/uploads\/2015\/02\/1972322_1436007189977817_1365488059_n.jpg\" alt=\"1972322_1436007189977817_1365488059_n\" width=\"960\" height=\"720\" srcset=\"https:\/\/www.maisha-pamoja.de\/wp-content\/uploads\/2015\/02\/1972322_1436007189977817_1365488059_n.jpg 960w, https:\/\/www.maisha-pamoja.de\/wp-content\/uploads\/2015\/02\/1972322_1436007189977817_1365488059_n-300x225.jpg 300w, https:\/\/www.maisha-pamoja.de\/wp-content\/uploads\/2015\/02\/1972322_1436007189977817_1365488059_n-400x300.jpg 400w\" sizes=\"auto, (max-width: 960px) 100vw, 960px\" \/><\/a><\/p>\n<p>&nbsp;<\/p>\n<p>&nbsp;<\/p>\n<p>&nbsp;<\/p>\n<p>&nbsp;<\/p>\n<p>&nbsp;<\/p>\n<p>&nbsp;<\/p>\n<p>&nbsp;<\/p>\n<p>&nbsp;<\/p>\n<p>&nbsp;<\/p>\n<p>&nbsp;<\/p>\n<p>&nbsp;<\/p>\n","protected":false},"excerpt":{"rendered":"<p>St. Francis de Sales Boy\u2019s Home &nbsp; Kindern, die \u201cnirgendwo hingeh\u00f6ren\u201d, gibt das Kinderheim in Tabora, mitten im Herzen Tansanias\u00a0mit 33 Stra\u00dfen- und Waisenkindern im Alter von 7-17 Jahren eine zweite Chance. &nbsp; Das Heim bietet: \u00a0ein Dach \u00fcber dem &hellip; <a href=\"https:\/\/www.maisha-pamoja.de\/?page_id=34\">Weiterlesen <span class=\"meta-nav\">&rarr;<\/span><\/a><\/p>\n","protected":false},"author":1,"featured_media":173,"parent":0,"menu_order":0,"comment_status":"open","ping_status":"open","template":"","meta":{"footnotes":""},"class_list":["post-34","page","type-page","status-publish","has-post-thumbnail","hentry"],"_links":{"self":[{"href":"https:\/\/www.maisha-pamoja.de\/index.php?rest_route=\/wp\/v2\/pages\/34","targetHints":{"allow":["GET"]}}],"collection":[{"href":"https:\/\/www.maisha-pamoja.de\/index.php?rest_route=\/wp\/v2\/pages"}],"about":[{"href":"https:\/\/www.maisha-pamoja.de\/index.php?rest_route=\/wp\/v2\/types\/page"}],"author":[{"embeddable":true,"href":"https:\/\/www.maisha-pamoja.de\/index.php?rest_route=\/wp\/v2\/users\/1"}],"replies":[{"embeddable":true,"href":"https:\/\/www.maisha-pamoja.de\/index.php?rest_route=%2Fwp%2Fv2%2Fcomments&post=34"}],"version-history":[{"count":2,"href":"https:\/\/www.maisha-pamoja.de\/index.php?rest_route=\/wp\/v2\/pages\/34\/revisions"}],"predecessor-version":[{"id":194,"href":"https:\/\/www.maisha-pamoja.de\/index.php?rest_route=\/wp\/v2\/pages\/34\/revisions\/194"}],"wp:featuredmedia":[{"embeddable":true,"href":"https:\/\/www.maisha-pamoja.de\/index.php?rest_route=\/wp\/v2\/media\/173"}],"wp:attachment":[{"href":"https:\/\/www.maisha-pamoja.de\/index.php?rest_route=%2Fwp%2Fv2%2Fmedia&parent=34"}],"curies":[{"name":"wp","href":"https:\/\/api.w.org\/{rel}","templated":true}]}}