{"id":325,"date":"2016-02-12T19:55:58","date_gmt":"2016-02-12T19:55:58","guid":{"rendered":"https:\/\/www.maisha-pamoja.de\/?page_id=325"},"modified":"2025-12-10T10:27:34","modified_gmt":"2025-12-10T10:27:34","slug":"jahresrueckblicke","status":"publish","type":"page","link":"https:\/\/www.maisha-pamoja.de\/?page_id=325","title":{"rendered":"Jahresr\u00fcckblicke"},"content":{"rendered":"\n<h3 class=\"wp-block-heading\"><span style=\"color: #ff9900;\">Unser Jahresr\u00fcckblick 2025<\/span><\/h3>\n\n\n\n<p><b>Buwooya, Uganda:<\/b><br \/>In Buwooya entsteht eine neue Grundschule, die Waisen und benachteiligten Kindern Zugang zu hochwertiger Bildung und wichtigen Lebenskompetenzen bieten soll. Nach der Er\u00f6ffnung des Kindergartens im September wird derzeit das Fundament der dreist\u00f6ckigen Grundschule f\u00fcr rund 1.000 Kinder gelegt. Die Kosten belaufen sich auf etwa 300.000 \u20ac. Maisha Pamoja unterst\u00fctzt den gesamten Bau.<\/p>\n\n\n\n<figure class=\"wp-block-image size-large\"><a href=\"https:\/\/www.maisha-pamoja.de\/wp-content\/uploads\/2025\/12\/Foto-02.12.25-09-16-50-3.jpg\"><img loading=\"lazy\" decoding=\"async\" width=\"1024\" height=\"464\" src=\"https:\/\/www.maisha-pamoja.de\/wp-content\/uploads\/2025\/12\/Foto-02.12.25-09-16-50-3-1024x464.jpg\" alt=\"\" class=\"wp-image-465\" srcset=\"https:\/\/www.maisha-pamoja.de\/wp-content\/uploads\/2025\/12\/Foto-02.12.25-09-16-50-3-1024x464.jpg 1024w, https:\/\/www.maisha-pamoja.de\/wp-content\/uploads\/2025\/12\/Foto-02.12.25-09-16-50-3-300x136.jpg 300w, https:\/\/www.maisha-pamoja.de\/wp-content\/uploads\/2025\/12\/Foto-02.12.25-09-16-50-3-768x348.jpg 768w, https:\/\/www.maisha-pamoja.de\/wp-content\/uploads\/2025\/12\/Foto-02.12.25-09-16-50-3-1536x696.jpg 1536w, https:\/\/www.maisha-pamoja.de\/wp-content\/uploads\/2025\/12\/Foto-02.12.25-09-16-50-3-2048x928.jpg 2048w, https:\/\/www.maisha-pamoja.de\/wp-content\/uploads\/2025\/12\/Foto-02.12.25-09-16-50-3-500x227.jpg 500w\" sizes=\"auto, (max-width: 1024px) 100vw, 1024px\" \/><\/a><\/figure>\n\n\n\n<p><br \/>Buwooya k\u00e4mpft mit Armut und fehlender Infrastruktur, die Menschen leben vor allem von Fischerei im Viktoriasee.<span class=\"Apple-converted-space\">\u00a0 <\/span>Die Schule soll langfristig zu wirtschaftlicher Selbstst\u00e4ndigkeit beitragen und besonders M\u00e4dchen st\u00e4rken.<\/p>\n\n\n\n<p class=\"p3\"><b>Kagongwa, Tansania:<\/b><br \/>Die St. Francis de Sales Primary School w\u00e4chst rasant \u2013 527 Kinder besuchen sie bereits. Die bestehende Infrastruktur reicht jedoch nicht aus. Maisha Pamoja wurde um Unterst\u00fctzung f\u00fcr einen Erweiterungsbau mit zwei zus\u00e4tzlichen Klassenr\u00e4umen gebeten, um bessere Lernbedingungen zu schaffen. Die Schule richtet sich vor allem an Kinder aus einkommensschwachen Familien im l\u00e4ndlich gepr\u00e4gten Kahama District m<span class=\"s1\">it rund 44.000 Einwohnern, deren Lebensunterhalt \u00fcberwiegend auf selbstversorgender Landwirtschaft und kleinem Bergbau beruht.<\/span><\/p>\n\n\n\n<figure class=\"wp-block-image size-large\"><a href=\"https:\/\/www.maisha-pamoja.de\/wp-content\/uploads\/2025\/12\/Foto-03.12.25-13-07-26-1-1.jpg\"><img loading=\"lazy\" decoding=\"async\" width=\"1024\" height=\"473\" src=\"https:\/\/www.maisha-pamoja.de\/wp-content\/uploads\/2025\/12\/Foto-03.12.25-13-07-26-1-1-1024x473.jpg\" alt=\"\" class=\"wp-image-466\" srcset=\"https:\/\/www.maisha-pamoja.de\/wp-content\/uploads\/2025\/12\/Foto-03.12.25-13-07-26-1-1-1024x473.jpg 1024w, https:\/\/www.maisha-pamoja.de\/wp-content\/uploads\/2025\/12\/Foto-03.12.25-13-07-26-1-1-300x139.jpg 300w, https:\/\/www.maisha-pamoja.de\/wp-content\/uploads\/2025\/12\/Foto-03.12.25-13-07-26-1-1-768x355.jpg 768w, https:\/\/www.maisha-pamoja.de\/wp-content\/uploads\/2025\/12\/Foto-03.12.25-13-07-26-1-1-500x231.jpg 500w, https:\/\/www.maisha-pamoja.de\/wp-content\/uploads\/2025\/12\/Foto-03.12.25-13-07-26-1-1.jpg 1280w\" sizes=\"auto, (max-width: 1024px) 100vw, 1024px\" \/><\/a><\/figure>\n\n\n\n<p class=\"p3\"><b>Rusinga, Kenia:<\/b><br \/>Zwei zus\u00e4tzliche Klassenzimmer wurden fertiggestellt \u2013 insgesamt vier in den letzten drei Jahren.<span class=\"Apple-converted-space\">&nbsp; <\/span>Jetzt k\u00f6nnen 350 Kinder in neun festen R\u00e4umen lernen. K\u00fcnftig sind Patenschaften sowie Ackerbau und Ziegenhaltung zur St\u00e4rkung des Projekts geplant.<\/p>\n\n\n\n<p class=\"p3\"><strong>I<\/strong><b>yolwa, Uganda:<\/b><br \/>Die Secondary School wird inzwischen von \u00fcber 1.000 Kindern besucht. Das Projekt entwickelt sich sehr positiv; weitere Bauma\u00dfnahmen sind derzeit nicht erforderlich.<\/p>\n\n\n\n<figure class=\"wp-block-gallery has-nested-images columns-default is-cropped wp-block-gallery-1 is-layout-flex wp-block-gallery-is-layout-flex\"><\/figure>\n\n\n\n<p><\/p>\n\n\n\n<figure class=\"wp-block-gallery has-nested-images columns-default is-cropped wp-block-gallery-2 is-layout-flex wp-block-gallery-is-layout-flex\"><\/figure>\n\n\n\n<p>Neben dem Schulprojekt werden in Iyolwa auch alleinstehende Frauen und Witwen unterst\u00fctzt. So bekamen bisher circa 35 Frauen eine Ziege geschenkt. Mit der Ziege k\u00f6nnen die Frauen ihre Kinder&nbsp;mit Milch versorgen und besitzen dadurch eine gewisse Unabh\u00e4ngigkeit.<\/p>\n\n\n\n<h5 class=\"wp-block-heading\">&nbsp;<\/h5>\n\n\n\n<p><\/p>\n","protected":false},"excerpt":{"rendered":"<p>Unser Jahresr\u00fcckblick 2025 Buwooya, Uganda:In Buwooya entsteht eine neue Grundschule, die Waisen und benachteiligten Kindern Zugang zu hochwertiger Bildung und wichtigen Lebenskompetenzen bieten soll. Nach der Er\u00f6ffnung des Kindergartens im September wird derzeit das Fundament der dreist\u00f6ckigen Grundschule f\u00fcr rund &hellip; <a href=\"https:\/\/www.maisha-pamoja.de\/?page_id=325\">Weiterlesen <span class=\"meta-nav\">&rarr;<\/span><\/a><\/p>\n","protected":false},"author":1,"featured_media":327,"parent":38,"menu_order":0,"comment_status":"closed","ping_status":"closed","template":"","meta":{"footnotes":""},"class_list":["post-325","page","type-page","status-publish","has-post-thumbnail","hentry"],"_links":{"self":[{"href":"https:\/\/www.maisha-pamoja.de\/index.php?rest_route=\/wp\/v2\/pages\/325","targetHints":{"allow":["GET"]}}],"collection":[{"href":"https:\/\/www.maisha-pamoja.de\/index.php?rest_route=\/wp\/v2\/pages"}],"about":[{"href":"https:\/\/www.maisha-pamoja.de\/index.php?rest_route=\/wp\/v2\/types\/page"}],"author":[{"embeddable":true,"href":"https:\/\/www.maisha-pamoja.de\/index.php?rest_route=\/wp\/v2\/users\/1"}],"replies":[{"embeddable":true,"href":"https:\/\/www.maisha-pamoja.de\/index.php?rest_route=%2Fwp%2Fv2%2Fcomments&post=325"}],"version-history":[{"count":8,"href":"https:\/\/www.maisha-pamoja.de\/index.php?rest_route=\/wp\/v2\/pages\/325\/revisions"}],"predecessor-version":[{"id":474,"href":"https:\/\/www.maisha-pamoja.de\/index.php?rest_route=\/wp\/v2\/pages\/325\/revisions\/474"}],"up":[{"embeddable":true,"href":"https:\/\/www.maisha-pamoja.de\/index.php?rest_route=\/wp\/v2\/pages\/38"}],"wp:featuredmedia":[{"embeddable":true,"href":"https:\/\/www.maisha-pamoja.de\/index.php?rest_route=\/wp\/v2\/media\/327"}],"wp:attachment":[{"href":"https:\/\/www.maisha-pamoja.de\/index.php?rest_route=%2Fwp%2Fv2%2Fmedia&parent=325"}],"curies":[{"name":"wp","href":"https:\/\/api.w.org\/{rel}","templated":true}]}}