{"id":32,"date":"2015-01-27T19:50:17","date_gmt":"2015-01-27T19:50:17","guid":{"rendered":"http:\/\/wordpress.maisha-pamoja.de\/?page_id=32"},"modified":"2022-09-08T12:35:12","modified_gmt":"2022-09-08T12:35:12","slug":"sargy-primary-school-rusinga","status":"publish","type":"page","link":"https:\/\/www.maisha-pamoja.de\/?page_id=32","title":{"rendered":"Sargy Primary School Rusinga"},"content":{"rendered":"<h3 style=\"text-align: justify;\"><\/h3>\n<p style=\"text-align: justify;\">Die Sargy Community Developement Organization ist ein gemeinn\u00fctziger Verein in Kenia,\u00a0der von dem kenianischen Lehrer Samwel Okomo gegr\u00fcndet wurde.\u00a0T\u00e4tig ist der Verein auf der kleinen Insel Rusinga, die im Viktoriasee im kenianischen\u00a0Gew\u00e4sser liegt und eine der \u00e4rmsten Regionen des Landes ist. Sargy m\u00f6chte mit\u00a0bestimmten Projekten gegen die dortige Armut, den Analphabetismus, HIV und\u00a0Umweltzerst\u00f6rung vorgehen.<\/p>\n<p style=\"text-align: justify;\">Sargy steht noch ganz am Anfang und hat viel vor. Eines der Projekte ist eine Grundschule,\u00a0die bereits 2007 gegr\u00fcndet wurde. Sie gibt vor allem Kindern einen Zufluchtsort und eine\u00a0Ausbildung, die zu arm sind, um eine \u00f6ffentliche Schule besuchen zu k\u00f6nnen.<\/p>\n<p>Mittlerweile bietet das Projekt 290 Sch\u00fclern mit drei Kindergartengruppen und 8 Schulklassen Platz. Das Projekt versorgt dazu 280 Sch\u00fcler und deren Familien (insgesamt 1200 Menschen) mit Essen, Seife und Mundschutz.<br \/>\nDa die Sch\u00fclerzahl bis 2022 voraussichtlich auf 400 wachsen wird, werden nun mehr Klassenzimmer, ein Verwaltungsgeb\u00e4ude sowie mehr Toiletten ben\u00f6tigt. Und es gibt weitere gro\u00dfe Pl\u00e4ne: Durch finanzielle Unterst\u00fctzung soll den Abschlussklassen der Besuch der High School erm\u00f6glicht werden.<\/p>\n<p style=\"text-align: left;\">Da die Zahl der Sch\u00fcler immer gr\u00f6\u00dfer wird, werden mehr Lehrer ben\u00f6tigt. Aber vor allem\u00a0auch ein gr\u00f6\u00dferes und robusteres Schulgeb\u00e4ude wird gebraucht. Die\u00a0Behelfsklassenzimmer wurden im vergangenen Jahr durch einen Sturm zerst\u00f6rt.<span class=\"Apple-converted-space\">\u00a0<\/span>Nat\u00fcrlich ist\u00a0noch vieles mehr von N\u00f6ten, wie zum Beispiel Wassertanks oder Lernmaterialen\u2026. Doch\u00a0es ist schon ein Anfang, Steine f\u00fcr die neuen R\u00e4ume zu besorgen.<\/p>\n<blockquote>\n<h4 style=\"text-align: center;\">&#8230; unser Beitrag: Wir m\u00f6chten helfen und unterst\u00fctzen<br \/>\ndie <a href=\"http:\/\/www.sargy.moonfruit.com\/\" target=\"_blank\" rel=\"noopener\">Sargy<\/a> Schule mit der Finanzierung eines Computerraums.<\/h4>\n<p>&nbsp;<\/p>\n<p>&nbsp;<\/p><\/blockquote>\n","protected":false},"excerpt":{"rendered":"<p>Die Sargy Community Developement Organization ist ein gemeinn\u00fctziger Verein in Kenia,\u00a0der von dem kenianischen Lehrer Samwel Okomo gegr\u00fcndet wurde.\u00a0T\u00e4tig ist der Verein auf der kleinen Insel Rusinga, die im Viktoriasee im kenianischen\u00a0Gew\u00e4sser liegt und eine der \u00e4rmsten Regionen des Landes &hellip; <a href=\"https:\/\/www.maisha-pamoja.de\/?page_id=32\">Weiterlesen <span class=\"meta-nav\">&rarr;<\/span><\/a><\/p>\n","protected":false},"author":1,"featured_media":169,"parent":0,"menu_order":0,"comment_status":"open","ping_status":"open","template":"","meta":{"footnotes":""},"class_list":["post-32","page","type-page","status-publish","has-post-thumbnail","hentry"],"_links":{"self":[{"href":"https:\/\/www.maisha-pamoja.de\/index.php?rest_route=\/wp\/v2\/pages\/32","targetHints":{"allow":["GET"]}}],"collection":[{"href":"https:\/\/www.maisha-pamoja.de\/index.php?rest_route=\/wp\/v2\/pages"}],"about":[{"href":"https:\/\/www.maisha-pamoja.de\/index.php?rest_route=\/wp\/v2\/types\/page"}],"author":[{"embeddable":true,"href":"https:\/\/www.maisha-pamoja.de\/index.php?rest_route=\/wp\/v2\/users\/1"}],"replies":[{"embeddable":true,"href":"https:\/\/www.maisha-pamoja.de\/index.php?rest_route=%2Fwp%2Fv2%2Fcomments&post=32"}],"version-history":[{"count":6,"href":"https:\/\/www.maisha-pamoja.de\/index.php?rest_route=\/wp\/v2\/pages\/32\/revisions"}],"predecessor-version":[{"id":443,"href":"https:\/\/www.maisha-pamoja.de\/index.php?rest_route=\/wp\/v2\/pages\/32\/revisions\/443"}],"wp:featuredmedia":[{"embeddable":true,"href":"https:\/\/www.maisha-pamoja.de\/index.php?rest_route=\/wp\/v2\/media\/169"}],"wp:attachment":[{"href":"https:\/\/www.maisha-pamoja.de\/index.php?rest_route=%2Fwp%2Fv2%2Fmedia&parent=32"}],"curies":[{"name":"wp","href":"https:\/\/api.w.org\/{rel}","templated":true}]}}