{"id":30,"date":"2015-01-27T19:49:26","date_gmt":"2015-01-27T19:49:26","guid":{"rendered":"http:\/\/wordpress.maisha-pamoja.de\/?page_id=30"},"modified":"2015-02-03T13:38:52","modified_gmt":"2015-02-03T13:38:52","slug":"projekte","status":"publish","type":"page","link":"https:\/\/www.maisha-pamoja.de\/?page_id=30","title":{"rendered":"Projekte"},"content":{"rendered":"<h2>Wo helfen wir?<\/h2>\n<p>&nbsp;<\/p>\n<div id=\"attachment_223\" style=\"width: 222px\" class=\"wp-caption alignleft\"><a href=\"https:\/\/maishapamoja.files.wordpress.com\/2014\/11\/landkarte.jpg\"><img loading=\"lazy\" decoding=\"async\" aria-describedby=\"caption-attachment-223\" class=\"wp-image-223 size-medium\" src=\"https:\/\/maishapamoja.files.wordpress.com\/2014\/11\/landkarte.jpg?w=212\" alt=\"Landkarte\" width=\"212\" height=\"300\" \/><\/a><p id=\"caption-attachment-223\" class=\"wp-caption-text\">Hier sind die Projekte in Ostafrika<\/p><\/div>\n<p>&nbsp;<\/p>\n<p style=\"text-align: justify;\">Seit unserer Gr\u00fcndung im Jahr 2009 unterst\u00fctzen wir das <span style=\"color: #ff9900;\">Projekt FOSTER<\/span> der Missionare des Hl. Franz von Sales in Tabora, Tansania.<br \/>\n<span style=\"color: #333333;\">FOSTER <\/span>steht f\u00fcr \u201eFransalianische Organisation f\u00fcr soziale Ver\u00e4nderung, Bildung und Erneuerung\u201c.<br \/>\nDeren Schwerpunkt liegt in <strong>Ostafrika<\/strong>, wo sie zahlreiche Projekte &#8211; besonders f\u00fcr Waisen- und Stra\u00dfenkinder unterst\u00fctzt, aufbaut und leitet.<\/p>\n<p style=\"text-align: justify;\">Seit 2011 unterst\u00fctzen wir auch zwei Projekte in <span style=\"color: #333333;\"><strong>Kenia<\/strong><\/span>: eine Grundschule auf der Insel <a href=\"http:\/\/maishapamoja.wordpress.com\/168-2\/\"><strong>Rusinga<\/strong> <\/a>im Viktoriasee und die Grundschule in <a href=\"http:\/\/maishapamoja.wordpress.com\/sfs-primary-school-chera\/\"><strong>Chera<\/strong><\/a>, die ebenfalls von den Salesianern gegr\u00fcndet wurde.<br \/>\nGenau wie bei den Projekten in <a href=\"http:\/\/maishapamoja.wordpress.com\/sfs-school-tabora\/\"><strong>Tabora<\/strong> <\/a>\u00a0in <strong>Tansania\u00a0<\/strong>waren schon mehrere unserer Vereinsmitglieder vor Ort und haben in diesen Schulen als Volunteers gearbeitet.<br \/>\nSeit\u00a0November 2014 wurde auch in <strong>Uganda<\/strong> in <strong><a href=\"http:\/\/maishapamoja.wordpress.com\/projekt-iyolwa-uganda\/\">Iyolwa<\/a><\/strong>\u00a0ein neues Projekt f\u00fcr Kinder und deren Familien gestartet. Unter anderem soll dort ein Kinderheim, eine Grundschule und eine weiterf\u00fchrende Schule entstehen.<\/p>\n<p style=\"text-align: justify;\">Homepage von FOSTER: <a href=\"http:\/\/www.fosterafrica.org\/\" target=\"_blank\">www.fosterafrica.org<\/a><\/p>\n<p style=\"text-align: justify;\">Homepage von SARGY:<a href=\"http:\/\/www.sargy.moonfruit.com\/\" target=\"_blank\"> www.sargy.moonfruit.com<\/a><\/p>\n","protected":false},"excerpt":{"rendered":"<p>Wo helfen wir? &nbsp; &nbsp; Seit unserer Gr\u00fcndung im Jahr 2009 unterst\u00fctzen wir das Projekt FOSTER der Missionare des Hl. Franz von Sales in Tabora, Tansania. FOSTER steht f\u00fcr \u201eFransalianische Organisation f\u00fcr soziale Ver\u00e4nderung, Bildung und Erneuerung\u201c. Deren Schwerpunkt liegt &hellip; <a href=\"https:\/\/www.maisha-pamoja.de\/?page_id=30\">Weiterlesen <span class=\"meta-nav\">&rarr;<\/span><\/a><\/p>\n","protected":false},"author":1,"featured_media":170,"parent":0,"menu_order":0,"comment_status":"open","ping_status":"open","template":"","meta":{"footnotes":""},"class_list":["post-30","page","type-page","status-publish","has-post-thumbnail","hentry"],"_links":{"self":[{"href":"https:\/\/www.maisha-pamoja.de\/index.php?rest_route=\/wp\/v2\/pages\/30","targetHints":{"allow":["GET"]}}],"collection":[{"href":"https:\/\/www.maisha-pamoja.de\/index.php?rest_route=\/wp\/v2\/pages"}],"about":[{"href":"https:\/\/www.maisha-pamoja.de\/index.php?rest_route=\/wp\/v2\/types\/page"}],"author":[{"embeddable":true,"href":"https:\/\/www.maisha-pamoja.de\/index.php?rest_route=\/wp\/v2\/users\/1"}],"replies":[{"embeddable":true,"href":"https:\/\/www.maisha-pamoja.de\/index.php?rest_route=%2Fwp%2Fv2%2Fcomments&post=30"}],"version-history":[{"count":1,"href":"https:\/\/www.maisha-pamoja.de\/index.php?rest_route=\/wp\/v2\/pages\/30\/revisions"}],"predecessor-version":[{"id":31,"href":"https:\/\/www.maisha-pamoja.de\/index.php?rest_route=\/wp\/v2\/pages\/30\/revisions\/31"}],"wp:featuredmedia":[{"embeddable":true,"href":"https:\/\/www.maisha-pamoja.de\/index.php?rest_route=\/wp\/v2\/media\/170"}],"wp:attachment":[{"href":"https:\/\/www.maisha-pamoja.de\/index.php?rest_route=%2Fwp%2Fv2%2Fmedia&parent=30"}],"curies":[{"name":"wp","href":"https:\/\/api.w.org\/{rel}","templated":true}]}}