{"id":28,"date":"2015-01-27T19:48:57","date_gmt":"2015-01-27T19:48:57","guid":{"rendered":"http:\/\/wordpress.maisha-pamoja.de\/?page_id=28"},"modified":"2025-12-10T10:41:42","modified_gmt":"2025-12-10T10:41:42","slug":"projekt-iyolwauganda","status":"publish","type":"page","link":"https:\/\/www.maisha-pamoja.de\/?page_id=28","title":{"rendered":"Projekt Iyolwa Uganda"},"content":{"rendered":"<h2 style=\"text-align: justify;\">Uganda &#8211; die Perle Afrikas und zugleich Sorgenkind<\/h2>\n<p style=\"text-align: justify;\">Uganda \u2013 die Perle Afrikas. Diesen Beinamen hat das Land Winston Churchill zu verdanken. Wer heute durch Uganda reist, muss Churchill Recht geben:<br \/>\nUganda mit dem Ursprung des Nils, beeindruckenden Wasserf\u00e4llen und dem faszinierenden Lake Victoria ist noch immer eine Perle auf dem afrikanischen Kontinent. Uganda hat aber auch andere Seiten: Regionen mit Schulklassen mit bis zu 160 Kindern, die Mehrheit der Menschen lebt dort ohne Strom und ohne Arbeit, eine Trinkwasserversorgung gibt es nicht \u2013 auch keine Kl\u00e4ranlage.<\/p>\n<p style=\"text-align: justify;\">So ist es auch in Iyolwa bei Tororo im Osten des Landes. Im Unterbezirk von Iyolwa leben rund 34.600 Menschen, in dem Dorf selbst rund 4.000 Menschen. Etwa 40 Prozent der Kinder m\u00fcssen ohne ihre Eltern aufwachsen, sind schon in jungen Kinderjahren Waisen. Es gibt in dieser Gegend bislang nur sieben Grundschulen \u2013 f\u00fcr 12.000 Sch\u00fcler. Eine weiterf\u00fchrende Secondary Schule gibt es nicht. Das bedeutet, diese Kinder k\u00f6nnen nur maximal vier Jahre eine Grundschule besuchen und m\u00fcssen dann abbrechen, weil keine M\u00f6glichkeiten auf Bildung f\u00fcr sie existieren. Eine hoffnungsvolle Zukunft f\u00fcr junge Menschen sieht anders aus.<\/p>\n<p style=\"text-align: justify;\"><a href=\"https:\/\/www.maisha-pamoja.de\/wp-content\/uploads\/2015\/01\/10372505_1525231961055339_3333897095199319278_n.jpg\"><img loading=\"lazy\" decoding=\"async\" class=\"alignright wp-image-185\" src=\"https:\/\/www.maisha-pamoja.de\/wp-content\/uploads\/2015\/01\/10372505_1525231961055339_3333897095199319278_n-300x199.jpg\" alt=\"10372505_1525231961055339_3333897095199319278_n\" width=\"250\" height=\"166\" srcset=\"https:\/\/www.maisha-pamoja.de\/wp-content\/uploads\/2015\/01\/10372505_1525231961055339_3333897095199319278_n-300x199.jpg 300w, https:\/\/www.maisha-pamoja.de\/wp-content\/uploads\/2015\/01\/10372505_1525231961055339_3333897095199319278_n-453x300.jpg 453w, https:\/\/www.maisha-pamoja.de\/wp-content\/uploads\/2015\/01\/10372505_1525231961055339_3333897095199319278_n.jpg 960w\" sizes=\"auto, (max-width: 250px) 100vw, 250px\" \/><\/a> <a href=\"https:\/\/www.maisha-pamoja.de\/wp-content\/uploads\/2015\/01\/IMG_0136.jpg\"><img loading=\"lazy\" decoding=\"async\" class=\"alignnone wp-image-186\" src=\"https:\/\/www.maisha-pamoja.de\/wp-content\/uploads\/2015\/01\/IMG_0136-300x225.jpg\" alt=\"IMG_0136\" width=\"250\" height=\"188\" srcset=\"https:\/\/www.maisha-pamoja.de\/wp-content\/uploads\/2015\/01\/IMG_0136-300x225.jpg 300w, https:\/\/www.maisha-pamoja.de\/wp-content\/uploads\/2015\/01\/IMG_0136-1024x768.jpg 1024w, https:\/\/www.maisha-pamoja.de\/wp-content\/uploads\/2015\/01\/IMG_0136-400x300.jpg 400w\" sizes=\"auto, (max-width: 250px) 100vw, 250px\" \/><\/a> <a href=\"https:\/\/www.maisha-pamoja.de\/wp-content\/uploads\/2015\/01\/IMG_0194.jpg\"><img loading=\"lazy\" decoding=\"async\" class=\"alignnone wp-image-187\" src=\"https:\/\/www.maisha-pamoja.de\/wp-content\/uploads\/2015\/01\/IMG_0194-300x225.jpg\" alt=\"IMG_0194\" width=\"250\" height=\"188\" srcset=\"https:\/\/www.maisha-pamoja.de\/wp-content\/uploads\/2015\/01\/IMG_0194-300x225.jpg 300w, https:\/\/www.maisha-pamoja.de\/wp-content\/uploads\/2015\/01\/IMG_0194-1024x768.jpg 1024w, https:\/\/www.maisha-pamoja.de\/wp-content\/uploads\/2015\/01\/IMG_0194-400x300.jpg 400w\" sizes=\"auto, (max-width: 250px) 100vw, 250px\" \/><\/a> <a href=\"https:\/\/www.maisha-pamoja.de\/wp-content\/uploads\/2015\/01\/IMG_0507.jpg\"><img loading=\"lazy\" decoding=\"async\" class=\"alignright wp-image-188\" src=\"https:\/\/www.maisha-pamoja.de\/wp-content\/uploads\/2015\/01\/IMG_0507-150x150.jpg\" alt=\"IMG_0507\" width=\"250\" height=\"188\" srcset=\"https:\/\/www.maisha-pamoja.de\/wp-content\/uploads\/2015\/01\/IMG_0507-300x225.jpg 300w, https:\/\/www.maisha-pamoja.de\/wp-content\/uploads\/2015\/01\/IMG_0507-1024x768.jpg 1024w, https:\/\/www.maisha-pamoja.de\/wp-content\/uploads\/2015\/01\/IMG_0507-400x300.jpg 400w\" sizes=\"auto, (max-width: 250px) 100vw, 250px\" \/><\/a><\/p>\n<h3 style=\"text-align: justify;\">Das neue Foster-Projekt in Iyolwa<\/h3>\n<p style=\"text-align: justify;\">Das Land und die Menschen dort brauchen Hilfe. Foster will in Iyolwa helfen. Die Mission unter Leitung von Pater Thomas Varghese engagiert sich dort mit einem Projekt und baut eine neue Mission auf. Zehn Hektar Land wurden daf\u00fcr gekauft. Auf dem Landst\u00fcck entsteht stetig und wird mit afrikanischem Leben gef\u00fcllt: Ein Kinderheim, eine Grundschule, ein Kindergarten, eine weiterf\u00fchrende Schule, ein Internat, ein Haus f\u00fcr die Lehrer sowie ein Kloster f\u00fcr die Pater und Schwestern.<\/p>\n<p>Die Schule w\u00e4chst stetig, Ende 2020 wurden dort 852 Kinder von 40 Lehrern unterrichtet. Es wurde ein neuer Klassenzimmerblock, eine Mehrzweckhalle und neue Schlafr\u00e4ume f\u00fcr die M\u00e4dchen gebaut. Das Boys\u2018 Home ist eingeweiht worden. 450 Jungen k\u00f6nnen dort leben. Eine Krankenstation wurde mit Unterst\u00fctzung durch \u201eIngenieure ohne Grenzen\u201c gebaut. Das Girls\u2018 Home befindet sich im Bau.<\/p>\n<p>Ein weiteres Geb\u00e4ude f\u00fcr die Mitarbeiter wurde ebenfalls gebaut. Eine Farm versorgt Sch\u00fcler und Lehrer mit Lebensmitteln. Neben Gem\u00fcse, Maniok und Fr\u00fcchten gibt es H\u00fchner, Schweine, K\u00fche und Schafe\/ Ziegen.<\/p>\n<p style=\"text-align: justify;\">Und die Pl\u00e4ne sind weiterhin ehrgeizig: Die Grundschule ist mit 21 Klassenzimmern f\u00fcr 1100 Sch\u00fcler angelegt. In der weiterf\u00fchrenden Schule sollen in 18 Klassenr\u00e4umen 900 Kinder unterrichtet werden. 60 Waisenbuben im Alter von f\u00fcnf bis 16 Jahre sollen in dem Kinderheim von St. Francis ein Zuhause finden. 100 Waisenkinder oder sehr arme Kinder sollen ihre freie Zeit und Lernzeit in einem Freizeit- und Studienzentrum verbringen k\u00f6nnen.<\/p>\n","protected":false},"excerpt":{"rendered":"<p>Uganda &#8211; die Perle Afrikas und zugleich Sorgenkind Uganda \u2013 die Perle Afrikas. Diesen Beinamen hat das Land Winston Churchill zu verdanken. Wer heute durch Uganda reist, muss Churchill Recht geben: Uganda mit dem Ursprung des Nils, beeindruckenden Wasserf\u00e4llen und &hellip; <a href=\"https:\/\/www.maisha-pamoja.de\/?page_id=28\">Weiterlesen <span class=\"meta-nav\">&rarr;<\/span><\/a><\/p>\n","protected":false},"author":1,"featured_media":165,"parent":0,"menu_order":0,"comment_status":"closed","ping_status":"closed","template":"","meta":{"footnotes":""},"class_list":["post-28","page","type-page","status-publish","has-post-thumbnail","hentry"],"_links":{"self":[{"href":"https:\/\/www.maisha-pamoja.de\/index.php?rest_route=\/wp\/v2\/pages\/28","targetHints":{"allow":["GET"]}}],"collection":[{"href":"https:\/\/www.maisha-pamoja.de\/index.php?rest_route=\/wp\/v2\/pages"}],"about":[{"href":"https:\/\/www.maisha-pamoja.de\/index.php?rest_route=\/wp\/v2\/types\/page"}],"author":[{"embeddable":true,"href":"https:\/\/www.maisha-pamoja.de\/index.php?rest_route=\/wp\/v2\/users\/1"}],"replies":[{"embeddable":true,"href":"https:\/\/www.maisha-pamoja.de\/index.php?rest_route=%2Fwp%2Fv2%2Fcomments&post=28"}],"version-history":[{"count":9,"href":"https:\/\/www.maisha-pamoja.de\/index.php?rest_route=\/wp\/v2\/pages\/28\/revisions"}],"predecessor-version":[{"id":479,"href":"https:\/\/www.maisha-pamoja.de\/index.php?rest_route=\/wp\/v2\/pages\/28\/revisions\/479"}],"wp:featuredmedia":[{"embeddable":true,"href":"https:\/\/www.maisha-pamoja.de\/index.php?rest_route=\/wp\/v2\/media\/165"}],"wp:attachment":[{"href":"https:\/\/www.maisha-pamoja.de\/index.php?rest_route=%2Fwp%2Fv2%2Fmedia&parent=28"}],"curies":[{"name":"wp","href":"https:\/\/api.w.org\/{rel}","templated":true}]}}