{"id":107,"date":"2015-01-27T20:16:05","date_gmt":"2015-01-27T20:16:05","guid":{"rendered":"http:\/\/wordpress.maisha-pamoja.de\/?page_id=107"},"modified":"2021-11-11T19:43:27","modified_gmt":"2021-11-11T19:43:27","slug":"sfs-school-tabora","status":"publish","type":"page","link":"https:\/\/www.maisha-pamoja.de\/?page_id=107","title":{"rendered":"SFS School Tabora"},"content":{"rendered":"<h3>St. Francis de Sales School Tabora<\/h3>\n<p>&nbsp;<\/p>\n<p style=\"text-align: justify;\">Seit 2005 gibt es die Schule in Tabora, die in Vorschule, Grundschule (1600 Sch\u00fcler)\u00a0und eine weiterf\u00fchrende Schule (140 Sch\u00fcler).<\/p>\n<p style=\"text-align: justify;\">Aufgrund des vergleichsweise niedrigen Schulgeldes und der F\u00f6rderm\u00f6glichkeiten besuchen dort\u00a0Kinder aus wohlhabenden sowie aus \u00e4rmsten Familien gemeinsam den Unterricht. So bietet die Schule in\u00a0einer der \u00e4rmsten Regionen Tansanias mit gut ausgebildeten Lehrkr\u00e4ften die Chance auf eine sehr gute\u00a0und zukunftsorientierte Ausbildung:<\/p>\n<p>\u00a0<a href=\"https:\/\/maishapamoja.files.wordpress.com\/2014\/11\/100_1208.jpg\"><img loading=\"lazy\" decoding=\"async\" class=\"alignnone wp-image-268\" src=\"https:\/\/maishapamoja.files.wordpress.com\/2014\/11\/100_1208.jpg?w=150\" alt=\"100_1208\" width=\"250\" height=\"187\" \/><\/a> <a href=\"https:\/\/maishapamoja.files.wordpress.com\/2014\/11\/dsc_0830-verkleinert.jpg\"><img loading=\"lazy\" decoding=\"async\" class=\"alignnone wp-image-271\" src=\"https:\/\/maishapamoja.files.wordpress.com\/2014\/11\/dsc_0830-verkleinert.jpg?w=150\" alt=\"DSC_0830 (verkleinert)\" width=\"250\" height=\"166\" \/><\/a> <a href=\"https:\/\/maishapamoja.files.wordpress.com\/2014\/11\/dscf1993.jpg\"><img loading=\"lazy\" decoding=\"async\" class=\"alignnone wp-image-272\" src=\"https:\/\/maishapamoja.files.wordpress.com\/2014\/11\/dscf1993.jpg?w=150\" alt=\"DSCF1993\" width=\"250\" height=\"188\" \/><\/a> <a href=\"https:\/\/maishapamoja.files.wordpress.com\/2014\/11\/img_0501.jpg\"><img loading=\"lazy\" decoding=\"async\" class=\"alignnone wp-image-273\" src=\"https:\/\/maishapamoja.files.wordpress.com\/2014\/11\/img_0501.jpg?w=150\" alt=\"IMG_0501\" width=\"250\" height=\"188\" \/><\/a><\/p>\n<ul>\n<li>Unterricht von Beginn an in englischer Sprache<\/li>\n<\/ul>\n<ul>\n<li>Computerunterricht<\/li>\n<\/ul>\n<ul>\n<li>Schulbibliothek<\/li>\n<\/ul>\n<ul>\n<li>gezielte F\u00f6rderung individueller Talente der Sch\u00fcler<\/li>\n<\/ul>\n<p>&#8230; eine Schule mit Zukunft!<\/p>\n<p>&nbsp;<\/p>\n<blockquote>\n<h4 style=\"text-align: center;\">&#8230; unser Beitrag: Zuletzt wurde von Maisha Pamoja eine Solar- Wassererhitzungsanlage f\u00fcr die Schule finanziert, die nun warmes und sauberes Wasser zur Verf\u00fcgung stellt.<\/h4>\n<\/blockquote>\n<p>&nbsp;<\/p>\n<p>&nbsp;<\/p>\n<p>&nbsp;<\/p>\n","protected":false},"excerpt":{"rendered":"<p>St. Francis de Sales School Tabora &nbsp; Seit 2005 gibt es die Schule in Tabora, die in Vorschule, Grundschule (1600 Sch\u00fcler)\u00a0und eine weiterf\u00fchrende Schule (140 Sch\u00fcler). Aufgrund des vergleichsweise niedrigen Schulgeldes und der F\u00f6rderm\u00f6glichkeiten besuchen dort\u00a0Kinder aus wohlhabenden sowie aus &hellip; <a href=\"https:\/\/www.maisha-pamoja.de\/?page_id=107\">Weiterlesen <span class=\"meta-nav\">&rarr;<\/span><\/a><\/p>\n","protected":false},"author":1,"featured_media":172,"parent":0,"menu_order":0,"comment_status":"open","ping_status":"open","template":"","meta":{"footnotes":""},"class_list":["post-107","page","type-page","status-publish","has-post-thumbnail","hentry"],"_links":{"self":[{"href":"https:\/\/www.maisha-pamoja.de\/index.php?rest_route=\/wp\/v2\/pages\/107","targetHints":{"allow":["GET"]}}],"collection":[{"href":"https:\/\/www.maisha-pamoja.de\/index.php?rest_route=\/wp\/v2\/pages"}],"about":[{"href":"https:\/\/www.maisha-pamoja.de\/index.php?rest_route=\/wp\/v2\/types\/page"}],"author":[{"embeddable":true,"href":"https:\/\/www.maisha-pamoja.de\/index.php?rest_route=\/wp\/v2\/users\/1"}],"replies":[{"embeddable":true,"href":"https:\/\/www.maisha-pamoja.de\/index.php?rest_route=%2Fwp%2Fv2%2Fcomments&post=107"}],"version-history":[{"count":4,"href":"https:\/\/www.maisha-pamoja.de\/index.php?rest_route=\/wp\/v2\/pages\/107\/revisions"}],"predecessor-version":[{"id":436,"href":"https:\/\/www.maisha-pamoja.de\/index.php?rest_route=\/wp\/v2\/pages\/107\/revisions\/436"}],"wp:featuredmedia":[{"embeddable":true,"href":"https:\/\/www.maisha-pamoja.de\/index.php?rest_route=\/wp\/v2\/media\/172"}],"wp:attachment":[{"href":"https:\/\/www.maisha-pamoja.de\/index.php?rest_route=%2Fwp%2Fv2%2Fmedia&parent=107"}],"curies":[{"name":"wp","href":"https:\/\/api.w.org\/{rel}","templated":true}]}}