{"id":104,"date":"2015-01-27T20:15:25","date_gmt":"2015-01-27T20:15:25","guid":{"rendered":"http:\/\/wordpress.maisha-pamoja.de\/?page_id=104"},"modified":"2025-12-10T10:42:02","modified_gmt":"2025-12-10T10:42:02","slug":"sfs-primary-school-chera","status":"publish","type":"page","link":"https:\/\/www.maisha-pamoja.de\/?page_id=104","title":{"rendered":"SFS Primary School Chera Kenia"},"content":{"rendered":"<h3 style=\"text-align: justify;\"><\/h3>\n<p style=\"text-align: justify;\">Bereits 1998 wurde in dem kleinen D\u00f6rfchen, das im Zentrum Kenias liegt, die Grundschule er\u00f6\ufb00net, in der heute ca. 200 Kinder unterrichtet werden.\u00a0Die Schule hat eine Kapazit\u00e4t von 400 Sch\u00fclern. Daf\u00fcr werden 16 Lehrkr\u00e4fte und 5 Personalkr\u00e4fte besch\u00e4ftigt.<span class=\"Apple-converted-space\">\u00a0<\/span><\/p>\n<p style=\"text-align: justify;\">Tharaka Nithi County, die Region rund um Chera, ist besonders von Armut geplagt, aufgrund einer hohen Arbeitslosigkeit und hohen AIDS\/HIV Rate. Es gibt 546 Schulen in der Region, wobei lediglich 13 der 435 Primary Schools in privater Hand sind. Die staatlichen Schulen haben eine sehr hohe Sch\u00fcleranzahl und zugleich eine schlechte Ausstattung, es gibt wenig B\u00fccher und wenig Lehrer sowie zu wenig Klassenzimmer.<\/p>\n<p style=\"text-align: justify;\">Das Projekt in Chera leistet einen wichtigen Beitrag zur Bildung der Kinder aus \u00e4rmeren Verh\u00e4ltnissen: F\u00fcr einige Waisenkinder, die die Schule besuchen, gibt es vor Ort ein Hostel als Herberge.<\/p>\n<p>Die Sch\u00fclerInnen werden auch mit 3 Mahlzeiten am Tag versorgt. Allerdings gab es eine l\u00e4ngere D\u00fcrre und die hohen Lebensmittelpreise erschweren den Erwerb von Lebensmitteln. Maisha Pamoja hat die Anschaffung von Nahrungsmitteln mit 3.346 Euro unterst\u00fctzt. Es wurden Mais, Bohnen, Reis, Zucker und Speise\u00f6l gekauft. Die Unterst\u00fctzung zum Erwerb von Lebensmitteln lief \u00fcber f\u00fcnf Monate.<span class=\"Apple-converted-space\">\u00a0<\/span><\/p>\n<p style=\"text-align: justify;\">Durch ihren geregelten Tagesablauf mit festen Lern- und Freizeiten wird den Kindern,\u00a0die sonst nach der Schule in ihren Familien oft hart arbeiten m\u00fcssen, die M\u00f6glichkeit\u00a0zum konzentrierten Lernen, aber auch einfach zum Kindsein, gegeben.<\/p>\n<p><a href=\"https:\/\/www.maisha-pamoja.de\/wp-content\/uploads\/2021\/11\/Picture3_Kenia.jpg\"><img loading=\"lazy\" decoding=\"async\" class=\"aligncenter size-full wp-image-430\" src=\"https:\/\/www.maisha-pamoja.de\/wp-content\/uploads\/2021\/11\/Picture3_Kenia.jpg\" alt=\"\" width=\"372\" height=\"168\" srcset=\"https:\/\/www.maisha-pamoja.de\/wp-content\/uploads\/2021\/11\/Picture3_Kenia.jpg 372w, https:\/\/www.maisha-pamoja.de\/wp-content\/uploads\/2021\/11\/Picture3_Kenia-300x135.jpg 300w\" sizes=\"auto, (max-width: 372px) 100vw, 372px\" \/><\/a><\/p>\n<blockquote>\n<h4 style=\"text-align: center;\">&#8230; unser Beitrag: Nachdem Maisha Pamoja im vergangenen Jahr 2020 die Sanierung des undichten Daches unterst\u00fctzt hat, ho\ufb00en wir nun, auch bald den Bau der Essenshalle finanzieren zu k\u00f6nnen.<\/h4>\n<p>&nbsp;<\/p><\/blockquote>\n<p style=\"text-align: justify;\"><a href=\"https:\/\/www.maisha-pamoja.de\/wp-content\/uploads\/2015\/01\/IMGP1391.jpg\"><img loading=\"lazy\" decoding=\"async\" class=\" size-medium wp-image-208 aligncenter\" src=\"https:\/\/www.maisha-pamoja.de\/wp-content\/uploads\/2015\/01\/IMGP1391-300x225.jpg\" alt=\"IMGP1391\" width=\"300\" height=\"225\" srcset=\"https:\/\/www.maisha-pamoja.de\/wp-content\/uploads\/2015\/01\/IMGP1391-300x225.jpg 300w, https:\/\/www.maisha-pamoja.de\/wp-content\/uploads\/2015\/01\/IMGP1391-400x300.jpg 400w, https:\/\/www.maisha-pamoja.de\/wp-content\/uploads\/2015\/01\/IMGP1391.jpg 800w\" sizes=\"auto, (max-width: 300px) 100vw, 300px\" \/><\/a><\/p>\n<p style=\"text-align: justify;\">\n","protected":false},"excerpt":{"rendered":"<p>Bereits 1998 wurde in dem kleinen D\u00f6rfchen, das im Zentrum Kenias liegt, die Grundschule er\u00f6\ufb00net, in der heute ca. 200 Kinder unterrichtet werden.\u00a0Die Schule hat eine Kapazit\u00e4t von 400 Sch\u00fclern. Daf\u00fcr werden 16 Lehrkr\u00e4fte und 5 Personalkr\u00e4fte besch\u00e4ftigt.\u00a0 Tharaka Nithi &hellip; <a href=\"https:\/\/www.maisha-pamoja.de\/?page_id=104\">Weiterlesen <span class=\"meta-nav\">&rarr;<\/span><\/a><\/p>\n","protected":false},"author":1,"featured_media":168,"parent":0,"menu_order":0,"comment_status":"open","ping_status":"open","template":"","meta":{"footnotes":""},"class_list":["post-104","page","type-page","status-publish","has-post-thumbnail","hentry"],"_links":{"self":[{"href":"https:\/\/www.maisha-pamoja.de\/index.php?rest_route=\/wp\/v2\/pages\/104","targetHints":{"allow":["GET"]}}],"collection":[{"href":"https:\/\/www.maisha-pamoja.de\/index.php?rest_route=\/wp\/v2\/pages"}],"about":[{"href":"https:\/\/www.maisha-pamoja.de\/index.php?rest_route=\/wp\/v2\/types\/page"}],"author":[{"embeddable":true,"href":"https:\/\/www.maisha-pamoja.de\/index.php?rest_route=\/wp\/v2\/users\/1"}],"replies":[{"embeddable":true,"href":"https:\/\/www.maisha-pamoja.de\/index.php?rest_route=%2Fwp%2Fv2%2Fcomments&post=104"}],"version-history":[{"count":6,"href":"https:\/\/www.maisha-pamoja.de\/index.php?rest_route=\/wp\/v2\/pages\/104\/revisions"}],"predecessor-version":[{"id":480,"href":"https:\/\/www.maisha-pamoja.de\/index.php?rest_route=\/wp\/v2\/pages\/104\/revisions\/480"}],"wp:featuredmedia":[{"embeddable":true,"href":"https:\/\/www.maisha-pamoja.de\/index.php?rest_route=\/wp\/v2\/media\/168"}],"wp:attachment":[{"href":"https:\/\/www.maisha-pamoja.de\/index.php?rest_route=%2Fwp%2Fv2%2Fmedia&parent=104"}],"curies":[{"name":"wp","href":"https:\/\/api.w.org\/{rel}","templated":true}]}}